{"id":12708,"date":"2022-12-09T18:28:19","date_gmt":"2022-12-09T15:28:19","guid":{"rendered":"https:\/\/www.pasteur.mg\/?page_id=12708"},"modified":"2025-09-05T20:30:27","modified_gmt":"2025-09-05T17:30:27","slug":"bicentenaire","status":"publish","type":"page","link":"https:\/\/www.pasteur.mg\/en\/bicentenaire\/","title":{"rendered":"Bicentenaire"},"content":{"rendered":"[et_pb_section fb_built=\u00a0\u00bb1&Prime; _builder_version=\u00a0\u00bb4.16&Prime; global_colors_info=\u00a0\u00bb{}\u00a0\u00bb][et_pb_row _builder_version=\u00a0\u00bb4.16&Prime; background_size=\u00a0\u00bbinitial\u00a0\u00bb background_position=\u00a0\u00bbtop_left\u00a0\u00bb background_repeat=\u00a0\u00bbrepeat\u00a0\u00bb global_colors_info=\u00a0\u00bb{}\u00a0\u00bb][et_pb_column type=\u00a0\u00bb4_4&Prime; _builder_version=\u00a0\u00bb4.16&Prime; custom_padding=\u00a0\u00bb|||\u00a0\u00bb global_colors_info=\u00a0\u00bb{}\u00a0\u00bb custom_padding__hover=\u00a0\u00bb|||\u00a0\u00bb][et_pb_image src=\u00a0\u00bbhttps:\/\/www.pasteur.mg\/wp-content\/uploads\/2025\/09\/Visuel-recto.webp\u00a0\u00bb title_text=\u00a0\u00bbVisuel-recto\u00a0\u00bb _builder_version=\u00a0\u00bb4.27.4&Prime; _module_preset=\u00a0\u00bbdefault\u00a0\u00bb global_colors_info=\u00a0\u00bb{}\u00a0\u00bb][\/et_pb_image][et_pb_text _builder_version=\u00a0\u00bb4.27.4&Prime; background_size=\u00a0\u00bbinitial\u00a0\u00bb background_position=\u00a0\u00bbtop_left\u00a0\u00bb background_repeat=\u00a0\u00bbrepeat\u00a0\u00bb global_colors_info=\u00a0\u00bb{}\u00a0\u00bb]<p><b>Bicentenaire de la naissance de Louis Pasteur et son h\u00e9ritage \u00e0 Madagascar<\/b><\/p>\n<p><\/p>\n<p style=\"text-align: justify;\">L&rsquo;Institut Pasteur de Madagascar, l&rsquo;Institut Pasteur \u00e0 Paris et l&rsquo;Institut Fran\u00e7ais de Madagascar s&rsquo;associent pour comm\u00e9morer les 200 ans de la naissance de Louis Pasteur, figure majeure du progr\u00e8s scientifique.<\/p>\n<p style=\"text-align: justify;\">Le 27 d\u00e9cembre 1822 naissait Louis Pasteur, figure internationale de la recherche scientifique et m\u00e9dicale et fondateur en 1887 de l&rsquo;Institut Pasteur \u00e0 Paris. Chimiste de formation, Louis Pasteur sera \u00e0 l&rsquo;origine de grandes d\u00e9couvertes scientifiques du XIXe si\u00e8cle, dans les domaines de la biologie, l&rsquo;agriculture, la m\u00e9decine ou encore l&rsquo;hygi\u00e8ne.<\/p>\n<p>Afin de rendre hommage a\u0300 Louis Pasteur, une exposition,\u00a0<b>\u00ab\u00a0Bicentenaire de la naissance de Louis Pasteur et son h\u00e9ritage \u00e0 Madagascar\u00a0\u00bb,<\/b>\u00a0est organis\u00e9e \u00e0\u00a0l&rsquo;Institut Fran\u00e7ais de Madagascar (IFM), retra\u00e7ant sa vie et son \u0153uvre. Elle permet de d\u00e9couvrir son h\u00e9ritage scientifique au travers d&rsquo;une dizaine de panneaux, ainsi que son h\u00e9ritage universel via les grandes d\u00e9couvertes au sein des instituts du Pasteur Network, en particulier \u00e0 Madagascar.<\/p>\n<p style=\"text-align: justify;\">L&rsquo;exposition \u00ab\u00a0De Louis \u00e0 Pasteur\u00a0: 1822-1895\u00a0\u00bb r\u00e9alis\u00e9e par l&rsquo;Institut Pasteur \u2013 Mus\u00e9e Pasteur \u00e0 l&rsquo;occasion du bicentenaire de la naissance de Louis Pasteur fait partie de la comm\u00e9moration. Cette exposition a \u00e9t\u00e9 labellis\u00e9e par le comit\u00e9 g\u00e9n\u00e9ral du bicentenaire. Ce label a \u00e9t\u00e9 con\u00e7u pour r\u00e9unir sous une m\u00eame banni\u00e8re les diff\u00e9rentes initiatives associ\u00e9es \u00e0 cet anniversaire. Le portrait de Louis Pasteur repr\u00e9sent\u00e9 dans ce label a \u00e9t\u00e9 r\u00e9alis\u00e9 par l&rsquo;artiste Fabrice Hyber.<\/p>\n<p style=\"text-align: justify;\">L&rsquo;exposition est en acc\u00e8s libre du 13 d\u00e9cembre 2022 au 21 janvier 2023 \u00e0 la galerie de l&rsquo;IFM.<\/p>\n<p style=\"text-align: justify;\">Une projection du film \u00ab\u00a0Pasteur\u00a0\u00bb d&rsquo;Alain Brunard se d\u00e9roulera le 13 d\u00e9cembre 2022 \u00e0 16h30 dans la salle Albert Camus de l&rsquo;IFM.<a href=\"https:\/\/www.pasteur.mg\/en\/galerie-photo-bicentenaire\/\"> <\/a><\/p>[\/et_pb_text][\/et_pb_column][\/et_pb_row][et_pb_row column_structure=\u00a0\u00bb1_3,1_3,1_3&Prime; _builder_version=\u00a0\u00bb4.27.4&Prime; _module_preset=\u00a0\u00bbdefault\u00a0\u00bb global_colors_info=\u00a0\u00bb{}\u00a0\u00bb][et_pb_column type=\u00a0\u00bb1_3&Prime; _builder_version=\u00a0\u00bb4.27.4&Prime; _module_preset=\u00a0\u00bbdefault\u00a0\u00bb global_colors_info=\u00a0\u00bb{}\u00a0\u00bb][et_pb_blurb title=\u00a0\u00bbA propos de l&rsquo;exposition\u00a0\u00bb image=\u00a0\u00bbhttps:\/\/www.pasteur.mg\/wp-content\/uploads\/2025\/09\/A-propos.webp\u00a0\u00bb _builder_version=\u00a0\u00bb4.27.4&Prime; _dynamic_attributes=\u00a0\u00bblink_option_url\u00a0\u00bb _module_preset=\u00a0\u00bbdefault\u00a0\u00bb header_font=\u00a0\u00bb|700|||||||\u00a0\u00bb header_text_align=\u00a0\u00bbcenter\u00a0\u00bb link_option_url=\u00a0\u00bb@ET-DC@eyJkeW5hbWljIjp0cnVlLCJjb250ZW50IjoicG9zdF9saW5rX3VybF9wYWdlIiwic2V0dGluZ3MiOnsicG9zdF9pZCI6IjEyNzU5In19@\u00a0\u00bb border_radii=\u00a0\u00bbon|10px|10px|10px|10px\u00a0\u00bb box_shadow_style=\u00a0\u00bbpreset1&Prime; global_colors_info=\u00a0\u00bb{}\u00a0\u00bb][\/et_pb_blurb][\/et_pb_column][et_pb_column type=\u00a0\u00bb1_3&Prime; _builder_version=\u00a0\u00bb4.27.4&Prime; _module_preset=\u00a0\u00bbdefault\u00a0\u00bb global_colors_info=\u00a0\u00bb{}\u00a0\u00bb][et_pb_blurb title=\u00a0\u00bbOn parle de nous\u00a0\u00bb image=\u00a0\u00bbhttps:\/\/www.pasteur.mg\/wp-content\/uploads\/2025\/09\/On-parle-de-nous-1.webp\u00a0\u00bb _builder_version=\u00a0\u00bb4.27.4&Prime; _dynamic_attributes=\u00a0\u00bblink_option_url\u00a0\u00bb _module_preset=\u00a0\u00bbdefault\u00a0\u00bb header_font=\u00a0\u00bb|700|||||||\u00a0\u00bb header_text_align=\u00a0\u00bbcenter\u00a0\u00bb link_option_url=\u00a0\u00bb@ET-DC@eyJkeW5hbWljIjp0cnVlLCJjb250ZW50IjoicG9zdF9saW5rX3VybF9wYWdlIiwic2V0dGluZ3MiOnsicG9zdF9pZCI6IjEyODUxIn19@\u00a0\u00bb border_radii=\u00a0\u00bbon|10px|10px|10px|10px\u00a0\u00bb box_shadow_style=\u00a0\u00bbpreset1&Prime; global_colors_info=\u00a0\u00bb{}\u00a0\u00bb][\/et_pb_blurb][\/et_pb_column][et_pb_column type=\u00a0\u00bb1_3&Prime; _builder_version=\u00a0\u00bb4.27.4&Prime; _module_preset=\u00a0\u00bbdefault\u00a0\u00bb global_colors_info=\u00a0\u00bb{}\u00a0\u00bb][et_pb_blurb title=\u00a0\u00bbGalerie photos &#038; vid\u00e9os\u00a0\u00bb image=\u00a0\u00bbhttps:\/\/www.pasteur.mg\/wp-content\/uploads\/2025\/09\/Galerie.webp\u00a0\u00bb _builder_version=\u00a0\u00bb4.27.4&Prime; _dynamic_attributes=\u00a0\u00bblink_option_url\u00a0\u00bb _module_preset=\u00a0\u00bbdefault\u00a0\u00bb header_font=\u00a0\u00bb|700|||||||\u00a0\u00bb header_text_align=\u00a0\u00bbcenter\u00a0\u00bb link_option_url=\u00a0\u00bb@ET-DC@eyJkeW5hbWljIjp0cnVlLCJjb250ZW50IjoicG9zdF9saW5rX3VybF9wYWdlIiwic2V0dGluZ3MiOnsicG9zdF9pZCI6IjEzMTEwIn19@\u00a0\u00bb border_radii=\u00a0\u00bbon|10px|10px|10px|10px\u00a0\u00bb box_shadow_style=\u00a0\u00bbpreset1&Prime; global_colors_info=\u00a0\u00bb{}\u00a0\u00bb][\/et_pb_blurb][\/et_pb_column][\/et_pb_row][\/et_pb_section]","protected":false},"excerpt":{"rendered":"<p>Bicentenaire de la naissance de Louis Pasteur et son h\u00e9ritage \u00e0 Madagascar L&rsquo;Institut Pasteur de Madagascar, l&rsquo;Institut Pasteur \u00e0 Paris et l&rsquo;Institut Fran\u00e7ais de Madagascar s&rsquo;associent pour comm\u00e9morer les 200 ans de la naissance de Louis Pasteur, figure majeure du progr\u00e8s scientifique. Le 27 d\u00e9cembre 1822 naissait Louis Pasteur, figure internationale de la recherche scientifique [&hellip;]<\/p>","protected":false},"author":19,"featured_media":12715,"parent":0,"menu_order":0,"comment_status":"closed","ping_status":"closed","template":"","meta":{"_acf_changed":false,"_et_pb_use_builder":"on","_et_pb_old_content":"<p><img src=\"https:\/\/www.pasteur.mg\/wp-content\/uploads\/2022\/12\/Visuel-recto-1024x683.png\" sizes=\"(max-width: 1024px) 100vw, 1024px\" srcset=\"https:\/\/i0.wp.com\/www.pasteur.mg\/wp-content\/uploads\/2022\/12\/Visuel-recto.png?resize=1024%2C683&ssl=1 1024w, https:\/\/i0.wp.com\/www.pasteur.mg\/wp-content\/uploads\/2022\/12\/Visuel-recto.png?resize=300%2C200&ssl=1 300w, https:\/\/i0.wp.com\/www.pasteur.mg\/wp-content\/uploads\/2022\/12\/Visuel-recto.png?resize=768%2C512&ssl=1 768w, https:\/\/i0.wp.com\/www.pasteur.mg\/wp-content\/uploads\/2022\/12\/Visuel-recto.png?resize=1536%2C1024&ssl=1 1536w, https:\/\/i0.wp.com\/www.pasteur.mg\/wp-content\/uploads\/2022\/12\/Visuel-recto.png?resize=2048%2C1365&ssl=1 2048w, https:\/\/i0.wp.com\/www.pasteur.mg\/wp-content\/uploads\/2022\/12\/Visuel-recto.png?resize=704%2C469&ssl=1 704w, https:\/\/i0.wp.com\/www.pasteur.mg\/wp-content\/uploads\/2022\/12\/Visuel-recto.png?w=3000&ssl=1 3000w\" alt=\"\" width=\"1024\" height=\"683\" \/><\/p>\r\n<!-- wp:paragraph -->\r\n<h2 style=\"text-align: center;\"><b>Bicentenaire de la naissance de Louis Pasteur et son h\u00e9ritage \u00e0 Madagascar<\/b><\/h2>\r\n<p style=\"text-align: justify;\">L'Institut Pasteur de Madagascar, l'Institut Pasteur \u00e0 Paris et l'Institut Fran\u00e7ais de Madagascar s'associent pour comm\u00e9morer les 200 ans de la naissance de Louis Pasteur, figure majeure du progr\u00e8s scientifique.<\/p>\r\n<p style=\"text-align: justify;\">Le 27 d\u00e9cembre 1822 naissait Louis Pasteur, figure internationale de la recherche scientifique et m\u00e9dicale et fondateur en 1887 de l'Institut Pasteur \u00e0 Paris. Chimiste de formation, Louis Pasteur sera \u00e0 l'origine de grandes d\u00e9couvertes scientifiques du XIXe si\u00e8cle, dans les domaines de la biologie, l'agriculture, la m\u00e9decine ou encore l'hygi\u00e8ne.<\/p>\r\n<p>Afin de rendre hommage a\u0300 Louis Pasteur, une exposition,\u00a0<b>\u00ab\u00a0Bicentenaire de la naissance de Louis Pasteur et son h\u00e9ritage \u00e0 Madagascar\u00a0\u00bb,<\/b>\u00a0est organis\u00e9e \u00e0\u00a0l'Institut Fran\u00e7ais de Madagascar (IFM), retra\u00e7ant sa vie et son \u0153uvre. Elle permet de d\u00e9couvrir son h\u00e9ritage scientifique au travers d'une dizaine de panneaux, ainsi que son h\u00e9ritage universel via les grandes d\u00e9couvertes au sein des instituts du Pasteur Network, en particulier \u00e0 Madagascar.<\/p>\r\n<p style=\"text-align: justify;\">L'exposition \u00ab\u00a0De Louis \u00e0 Pasteur\u00a0: 1822-1895\u00a0\u00bb r\u00e9alis\u00e9e par l'Institut Pasteur \u2013 Mus\u00e9e Pasteur \u00e0 l'occasion du bicentenaire de la naissance de Louis Pasteur fait partie de la comm\u00e9moration. Cette exposition a \u00e9t\u00e9 labellis\u00e9e par le comit\u00e9 g\u00e9n\u00e9ral du bicentenaire. Ce label a \u00e9t\u00e9 con\u00e7u pour r\u00e9unir sous une m\u00eame banni\u00e8re les diff\u00e9rentes initiatives associ\u00e9es \u00e0 cet anniversaire. Le portrait de Louis Pasteur repr\u00e9sent\u00e9 dans ce label a \u00e9t\u00e9 r\u00e9alis\u00e9 par l'artiste Fabrice Hyber.<\/p>\r\n<p style=\"text-align: justify;\">L'exposition est en acc\u00e8s libre du 13 d\u00e9cembre 2022 au 21 janvier 2023 \u00e0 la galerie de l'IFM.<\/p>\r\n<p style=\"text-align: justify;\">Une projection du film \u00ab\u00a0Pasteur\u00a0\u00bb d'Alain Brunard se d\u00e9roulera le 13 d\u00e9cembre 2022 \u00e0 16h30 dans la salle Albert Camus de l'IFM.<\/p>\r\n<!-- \/wp:paragraph -->\r\n<p><a href=\"https:\/\/www.pasteur.mg\/a-propos-de-lexposition\/\">A propos de l'exposition<\/a> <a href=\"https:\/\/www.pasteur.mg\/a-propos-de-lexposition\/\"> <img src=\"https:\/\/www.pasteur.mg\/wp-content\/uploads\/2022\/12\/A-propos-212x300.png\" sizes=\"(max-width: 212px) 100vw, 212px\" srcset=\"https:\/\/i0.wp.com\/www.pasteur.mg\/wp-content\/uploads\/2022\/12\/A-propos.png?resize=212%2C300&ssl=1 212w, https:\/\/i0.wp.com\/www.pasteur.mg\/wp-content\/uploads\/2022\/12\/A-propos.png?resize=724%2C1024&ssl=1 724w, https:\/\/i0.wp.com\/www.pasteur.mg\/wp-content\/uploads\/2022\/12\/A-propos.png?resize=768%2C1086&ssl=1 768w, https:\/\/i0.wp.com\/www.pasteur.mg\/wp-content\/uploads\/2022\/12\/A-propos.png?resize=1086%2C1536&ssl=1 1086w, https:\/\/i0.wp.com\/www.pasteur.mg\/wp-content\/uploads\/2022\/12\/A-propos.png?resize=1448%2C2048&ssl=1 1448w, https:\/\/i0.wp.com\/www.pasteur.mg\/wp-content\/uploads\/2022\/12\/A-propos.png?resize=704%2C996&ssl=1 704w, https:\/\/i0.wp.com\/www.pasteur.mg\/wp-content\/uploads\/2022\/12\/A-propos.png?w=2000&ssl=1 2000w, https:\/\/i0.wp.com\/www.pasteur.mg\/wp-content\/uploads\/2022\/12\/A-propos.png?w=3000&ssl=1 3000w\" alt=\"\" width=\"212\" height=\"300\" \/> <\/a> <a href=\"https:\/\/www.pasteur.mg\/on-parle-de-nous\/\">On parle de nous<\/a> <a href=\"https:\/\/www.pasteur.mg\/on-parle-de-nous\/\"> <img src=\"https:\/\/www.pasteur.mg\/wp-content\/uploads\/2022\/12\/On-parle-de-nous-1-212x300.png\" sizes=\"(max-width: 212px) 100vw, 212px\" srcset=\"https:\/\/i0.wp.com\/www.pasteur.mg\/wp-content\/uploads\/2022\/12\/On-parle-de-nous-1.png?resize=212%2C300&ssl=1 212w, https:\/\/i0.wp.com\/www.pasteur.mg\/wp-content\/uploads\/2022\/12\/On-parle-de-nous-1.png?resize=724%2C1024&ssl=1 724w, https:\/\/i0.wp.com\/www.pasteur.mg\/wp-content\/uploads\/2022\/12\/On-parle-de-nous-1.png?resize=768%2C1086&ssl=1 768w, https:\/\/i0.wp.com\/www.pasteur.mg\/wp-content\/uploads\/2022\/12\/On-parle-de-nous-1.png?resize=1086%2C1536&ssl=1 1086w, https:\/\/i0.wp.com\/www.pasteur.mg\/wp-content\/uploads\/2022\/12\/On-parle-de-nous-1.png?resize=1448%2C2048&ssl=1 1448w, https:\/\/i0.wp.com\/www.pasteur.mg\/wp-content\/uploads\/2022\/12\/On-parle-de-nous-1.png?resize=704%2C996&ssl=1 704w, https:\/\/i0.wp.com\/www.pasteur.mg\/wp-content\/uploads\/2022\/12\/On-parle-de-nous-1.png?w=2000&ssl=1 2000w, https:\/\/i0.wp.com\/www.pasteur.mg\/wp-content\/uploads\/2022\/12\/On-parle-de-nous-1.png?w=3000&ssl=1 3000w\" alt=\"\" width=\"212\" height=\"300\" \/> <\/a> <a href=\"https:\/\/www.pasteur.mg\/galerie-photo-bicentenaire\/\">Galerie photos & vid\u00e9os<\/a> <a href=\"https:\/\/www.pasteur.mg\/galerie-photo-bicentenaire\/\"> <img src=\"https:\/\/www.pasteur.mg\/wp-content\/uploads\/2022\/12\/Galerie-212x300.png\" sizes=\"(max-width: 212px) 100vw, 212px\" srcset=\"https:\/\/i0.wp.com\/www.pasteur.mg\/wp-content\/uploads\/2022\/12\/Galerie.png?resize=212%2C300&ssl=1 212w, https:\/\/i0.wp.com\/www.pasteur.mg\/wp-content\/uploads\/2022\/12\/Galerie.png?resize=724%2C1024&ssl=1 724w, https:\/\/i0.wp.com\/www.pasteur.mg\/wp-content\/uploads\/2022\/12\/Galerie.png?resize=106%2C150&ssl=1 106w, https:\/\/i0.wp.com\/www.pasteur.mg\/wp-content\/uploads\/2022\/12\/Galerie.png?resize=768%2C1086&ssl=1 768w, https:\/\/i0.wp.com\/www.pasteur.mg\/wp-content\/uploads\/2022\/12\/Galerie.png?resize=1086%2C1536&ssl=1 1086w, https:\/\/i0.wp.com\/www.pasteur.mg\/wp-content\/uploads\/2022\/12\/Galerie.png?resize=1448%2C2048&ssl=1 1448w, https:\/\/i0.wp.com\/www.pasteur.mg\/wp-content\/uploads\/2022\/12\/Galerie.png?resize=704%2C996&ssl=1 704w, https:\/\/i0.wp.com\/www.pasteur.mg\/wp-content\/uploads\/2022\/12\/Galerie.png?w=2000&ssl=1 2000w, https:\/\/i0.wp.com\/www.pasteur.mg\/wp-content\/uploads\/2022\/12\/Galerie.png?w=3000&ssl=1 3000w\" alt=\"\" width=\"212\" height=\"300\" \/> <\/a><\/p>","_et_gb_content_width":"","jetpack_post_was_ever_published":false,"footnotes":""},"class_list":["post-12708","page","type-page","status-publish","has-post-thumbnail","hentry"],"acf":[],"yoast_head":"<!-- This site is optimized with the Yoast SEO plugin v27.4 - https:\/\/yoast.com\/product\/yoast-seo-wordpress\/ -->\n<title>Bicentenaire - Institut Pasteur de Madagascar<\/title>\n<meta name=\"robots\" content=\"index, follow, max-snippet:-1, max-image-preview:large, max-video-preview:-1\" \/>\n<link rel=\"canonical\" href=\"https:\/\/www.pasteur.mg\/en\/bicentenaire\/\" \/>\n<meta property=\"og:locale\" content=\"en_US\" \/>\n<meta property=\"og:type\" content=\"article\" \/>\n<meta property=\"og:title\" content=\"Bicentenaire - Institut Pasteur de Madagascar\" \/>\n<meta property=\"og:url\" content=\"https:\/\/www.pasteur.mg\/en\/bicentenaire\/\" \/>\n<meta property=\"og:site_name\" content=\"Institut Pasteur de Madagascar\" \/>\n<meta property=\"article:publisher\" content=\"https:\/\/www.facebook.com\/pasteurMG\" \/>\n<meta property=\"article:modified_time\" content=\"2025-09-05T17:30:27+00:00\" \/>\n<meta property=\"og:image\" content=\"https:\/\/www.pasteur.mg\/wp-content\/uploads\/2022\/12\/Visuel-recto-1024x683.png\" \/>\n\t<meta property=\"og:image:width\" content=\"1024\" \/>\n\t<meta property=\"og:image:height\" content=\"683\" \/>\n\t<meta property=\"og:image:type\" content=\"image\/png\" \/>\n<meta name=\"twitter:card\" content=\"summary_large_image\" \/>\n<meta name=\"twitter:site\" content=\"@pasteurMG\" \/>\n<meta name=\"twitter:label1\" content=\"Est. reading time\" \/>\n\t<meta name=\"twitter:data1\" content=\"3 minutes\" \/>\n<script type=\"application\/ld+json\" class=\"yoast-schema-graph\">{\"@context\":\"https:\\\/\\\/schema.org\",\"@graph\":[{\"@type\":\"WebPage\",\"@id\":\"https:\\\/\\\/www.pasteur.mg\\\/bicentenaire\\\/\",\"url\":\"https:\\\/\\\/www.pasteur.mg\\\/bicentenaire\\\/\",\"name\":\"Bicentenaire - Institut Pasteur de Madagascar\",\"isPartOf\":{\"@id\":\"https:\\\/\\\/www.pasteur.mg\\\/#website\"},\"primaryImageOfPage\":{\"@id\":\"https:\\\/\\\/www.pasteur.mg\\\/bicentenaire\\\/#primaryimage\"},\"image\":{\"@id\":\"https:\\\/\\\/www.pasteur.mg\\\/bicentenaire\\\/#primaryimage\"},\"thumbnailUrl\":\"https:\\\/\\\/i0.wp.com\\\/www.pasteur.mg\\\/wp-content\\\/uploads\\\/2022\\\/12\\\/Visuel-recto.png?fit=3750%2C2500&ssl=1\",\"datePublished\":\"2022-12-09T15:28:19+00:00\",\"dateModified\":\"2025-09-05T17:30:27+00:00\",\"breadcrumb\":{\"@id\":\"https:\\\/\\\/www.pasteur.mg\\\/bicentenaire\\\/#breadcrumb\"},\"inLanguage\":\"en-US\",\"potentialAction\":[{\"@type\":\"ReadAction\",\"target\":[\"https:\\\/\\\/www.pasteur.mg\\\/bicentenaire\\\/\"]}]},{\"@type\":\"ImageObject\",\"inLanguage\":\"en-US\",\"@id\":\"https:\\\/\\\/www.pasteur.mg\\\/bicentenaire\\\/#primaryimage\",\"url\":\"https:\\\/\\\/i0.wp.com\\\/www.pasteur.mg\\\/wp-content\\\/uploads\\\/2022\\\/12\\\/Visuel-recto.png?fit=3750%2C2500&ssl=1\",\"contentUrl\":\"https:\\\/\\\/i0.wp.com\\\/www.pasteur.mg\\\/wp-content\\\/uploads\\\/2022\\\/12\\\/Visuel-recto.png?fit=3750%2C2500&ssl=1\",\"width\":3750,\"height\":2500},{\"@type\":\"BreadcrumbList\",\"@id\":\"https:\\\/\\\/www.pasteur.mg\\\/bicentenaire\\\/#breadcrumb\",\"itemListElement\":[{\"@type\":\"ListItem\",\"position\":1,\"name\":\"Accueil\",\"item\":\"https:\\\/\\\/www.pasteur.mg\\\/\"},{\"@type\":\"ListItem\",\"position\":2,\"name\":\"Bicentenaire\"}]},{\"@type\":\"WebSite\",\"@id\":\"https:\\\/\\\/www.pasteur.mg\\\/#website\",\"url\":\"https:\\\/\\\/www.pasteur.mg\\\/\",\"name\":\"Institut Pasteur de Madagascar\",\"description\":\"Etablissement scientifique priv\u00e9 malgache, \u00e0 but non lucratif et reconnu d\u2019utilit\u00e9 publique du R\u00e9seau International des Instituts Pasteur, plac\u00e9 sous le Haut patronage du gouvernement de la R\u00e9publique Malgache.\",\"publisher\":{\"@id\":\"https:\\\/\\\/www.pasteur.mg\\\/#organization\"},\"potentialAction\":[{\"@type\":\"SearchAction\",\"target\":{\"@type\":\"EntryPoint\",\"urlTemplate\":\"https:\\\/\\\/www.pasteur.mg\\\/?s={search_term_string}\"},\"query-input\":{\"@type\":\"PropertyValueSpecification\",\"valueRequired\":true,\"valueName\":\"search_term_string\"}}],\"inLanguage\":\"en-US\"},{\"@type\":\"Organization\",\"@id\":\"https:\\\/\\\/www.pasteur.mg\\\/#organization\",\"name\":\"Institut Pasteur de Madagascar\",\"url\":\"https:\\\/\\\/www.pasteur.mg\\\/\",\"logo\":{\"@type\":\"ImageObject\",\"inLanguage\":\"en-US\",\"@id\":\"https:\\\/\\\/www.pasteur.mg\\\/#\\\/schema\\\/logo\\\/image\\\/\",\"url\":\"https:\\\/\\\/www.pasteur.mg\\\/wp-content\\\/uploads\\\/2025\\\/03\\\/Logo-IPM-1.png\",\"contentUrl\":\"https:\\\/\\\/www.pasteur.mg\\\/wp-content\\\/uploads\\\/2025\\\/03\\\/Logo-IPM-1.png\",\"width\":5865,\"height\":3422,\"caption\":\"Institut Pasteur de Madagascar\"},\"image\":{\"@id\":\"https:\\\/\\\/www.pasteur.mg\\\/#\\\/schema\\\/logo\\\/image\\\/\"},\"sameAs\":[\"https:\\\/\\\/www.facebook.com\\\/pasteurMG\",\"https:\\\/\\\/x.com\\\/pasteurMG\",\"https:\\\/\\\/www.linkedin.com\\\/company\\\/institut-pasteur-de-madagascar\"]}]}<\/script>\n<!-- \/ Yoast SEO plugin. -->","yoast_head_json":{"title":"Bicentenaire - Institut Pasteur de Madagascar","robots":{"index":"index","follow":"follow","max-snippet":"max-snippet:-1","max-image-preview":"max-image-preview:large","max-video-preview":"max-video-preview:-1"},"canonical":"https:\/\/www.pasteur.mg\/en\/bicentenaire\/","og_locale":"en_US","og_type":"article","og_title":"Bicentenaire - Institut Pasteur de Madagascar","og_url":"https:\/\/www.pasteur.mg\/en\/bicentenaire\/","og_site_name":"Institut Pasteur de Madagascar","article_publisher":"https:\/\/www.facebook.com\/pasteurMG","article_modified_time":"2025-09-05T17:30:27+00:00","og_image":[{"width":1024,"height":683,"url":"https:\/\/www.pasteur.mg\/wp-content\/uploads\/2022\/12\/Visuel-recto-1024x683.png","type":"image\/png"}],"twitter_card":"summary_large_image","twitter_site":"@pasteurMG","twitter_misc":{"Est. reading time":"3 minutes"},"schema":{"@context":"https:\/\/schema.org","@graph":[{"@type":"WebPage","@id":"https:\/\/www.pasteur.mg\/bicentenaire\/","url":"https:\/\/www.pasteur.mg\/bicentenaire\/","name":"Bicentenaire - Institut Pasteur de Madagascar","isPartOf":{"@id":"https:\/\/www.pasteur.mg\/#website"},"primaryImageOfPage":{"@id":"https:\/\/www.pasteur.mg\/bicentenaire\/#primaryimage"},"image":{"@id":"https:\/\/www.pasteur.mg\/bicentenaire\/#primaryimage"},"thumbnailUrl":"https:\/\/i0.wp.com\/www.pasteur.mg\/wp-content\/uploads\/2022\/12\/Visuel-recto.png?fit=3750%2C2500&ssl=1","datePublished":"2022-12-09T15:28:19+00:00","dateModified":"2025-09-05T17:30:27+00:00","breadcrumb":{"@id":"https:\/\/www.pasteur.mg\/bicentenaire\/#breadcrumb"},"inLanguage":"en-US","potentialAction":[{"@type":"ReadAction","target":["https:\/\/www.pasteur.mg\/bicentenaire\/"]}]},{"@type":"ImageObject","inLanguage":"en-US","@id":"https:\/\/www.pasteur.mg\/bicentenaire\/#primaryimage","url":"https:\/\/i0.wp.com\/www.pasteur.mg\/wp-content\/uploads\/2022\/12\/Visuel-recto.png?fit=3750%2C2500&ssl=1","contentUrl":"https:\/\/i0.wp.com\/www.pasteur.mg\/wp-content\/uploads\/2022\/12\/Visuel-recto.png?fit=3750%2C2500&ssl=1","width":3750,"height":2500},{"@type":"BreadcrumbList","@id":"https:\/\/www.pasteur.mg\/bicentenaire\/#breadcrumb","itemListElement":[{"@type":"ListItem","position":1,"name":"Accueil","item":"https:\/\/www.pasteur.mg\/"},{"@type":"ListItem","position":2,"name":"Bicentenaire"}]},{"@type":"WebSite","@id":"https:\/\/www.pasteur.mg\/#website","url":"https:\/\/www.pasteur.mg\/","name":"Institut Pasteur de Madagascar","description":"Etablissement scientifique priv\u00e9 malgache, \u00e0 but non lucratif et reconnu d\u2019utilit\u00e9 publique du R\u00e9seau International des Instituts Pasteur, plac\u00e9 sous le Haut patronage du gouvernement de la R\u00e9publique Malgache.","publisher":{"@id":"https:\/\/www.pasteur.mg\/#organization"},"potentialAction":[{"@type":"SearchAction","target":{"@type":"EntryPoint","urlTemplate":"https:\/\/www.pasteur.mg\/?s={search_term_string}"},"query-input":{"@type":"PropertyValueSpecification","valueRequired":true,"valueName":"search_term_string"}}],"inLanguage":"en-US"},{"@type":"Organization","@id":"https:\/\/www.pasteur.mg\/#organization","name":"Institut Pasteur de Madagascar","url":"https:\/\/www.pasteur.mg\/","logo":{"@type":"ImageObject","inLanguage":"en-US","@id":"https:\/\/www.pasteur.mg\/#\/schema\/logo\/image\/","url":"https:\/\/www.pasteur.mg\/wp-content\/uploads\/2025\/03\/Logo-IPM-1.png","contentUrl":"https:\/\/www.pasteur.mg\/wp-content\/uploads\/2025\/03\/Logo-IPM-1.png","width":5865,"height":3422,"caption":"Institut Pasteur de Madagascar"},"image":{"@id":"https:\/\/www.pasteur.mg\/#\/schema\/logo\/image\/"},"sameAs":["https:\/\/www.facebook.com\/pasteurMG","https:\/\/x.com\/pasteurMG","https:\/\/www.linkedin.com\/company\/institut-pasteur-de-madagascar"]}]}},"jetpack_sharing_enabled":false,"publishpress_future_action":{"enabled":false,"date":"2026-05-01 07:14:02","action":"change-status","newStatus":"draft","terms":[],"taxonomy":"","extraData":[]},"publishpress_future_workflow_manual_trigger":{"enabledWorkflows":[]},"amp_enabled":true,"_links":{"self":[{"href":"https:\/\/www.pasteur.mg\/en\/wp-json\/wp\/v2\/pages\/12708","targetHints":{"allow":["GET"]}}],"collection":[{"href":"https:\/\/www.pasteur.mg\/en\/wp-json\/wp\/v2\/pages"}],"about":[{"href":"https:\/\/www.pasteur.mg\/en\/wp-json\/wp\/v2\/types\/page"}],"author":[{"embeddable":true,"href":"https:\/\/www.pasteur.mg\/en\/wp-json\/wp\/v2\/users\/19"}],"replies":[{"embeddable":true,"href":"https:\/\/www.pasteur.mg\/en\/wp-json\/wp\/v2\/comments?post=12708"}],"version-history":[{"count":15,"href":"https:\/\/www.pasteur.mg\/en\/wp-json\/wp\/v2\/pages\/12708\/revisions"}],"predecessor-version":[{"id":21162,"href":"https:\/\/www.pasteur.mg\/en\/wp-json\/wp\/v2\/pages\/12708\/revisions\/21162"}],"wp:featuredmedia":[{"embeddable":true,"href":"https:\/\/www.pasteur.mg\/en\/wp-json\/wp\/v2\/media\/12715"}],"wp:attachment":[{"href":"https:\/\/www.pasteur.mg\/en\/wp-json\/wp\/v2\/media?parent=12708"}],"curies":[{"name":"wp","href":"https:\/\/api.w.org\/{rel}","templated":true}]}}