{"id":14525,"date":"2023-11-23T10:30:23","date_gmt":"2023-11-23T07:30:23","guid":{"rendered":"https:\/\/www.pasteur.mg\/?page_id=14525"},"modified":"2023-11-23T10:31:55","modified_gmt":"2023-11-23T07:31:55","slug":"offres-de-stages","status":"publish","type":"page","link":"https:\/\/www.pasteur.mg\/en\/offres-de-stages\/","title":{"rendered":"Offres de stages"},"content":{"rendered":"<p>[et_pb_section fb_built=\u00a0\u00bb1&Prime; theme_builder_area=\u00a0\u00bbpost_content\u00a0\u00bb _builder_version=\u00a0\u00bb4.20.4&Prime; _module_preset=\u00a0\u00bbdefault\u00a0\u00bb][et_pb_row _builder_version=\u00a0\u00bb4.20.4&Prime; _module_preset=\u00a0\u00bbdefault\u00a0\u00bb theme_builder_area=\u00a0\u00bbpost_content\u00a0\u00bb][et_pb_column _builder_version=\u00a0\u00bb4.20.4&Prime; _module_preset=\u00a0\u00bbdefault\u00a0\u00bb type=\u00a0\u00bb4_4&Prime; theme_builder_area=\u00a0\u00bbpost_content\u00a0\u00bb][et_pb_text _builder_version=\u00a0\u00bb4.20.4&Prime; _module_preset=\u00a0\u00bbdefault\u00a0\u00bb header_3_font=\u00a0\u00bbFS Joey Bold||||||||\u00a0\u00bb header_3_text_color=\u00a0\u00bb#107fc3&Prime; header_3_font_size=\u00a0\u00bb30px\u00a0\u00bb custom_margin=\u00a0\u00bb0px||0px||true|false\u00a0\u00bb custom_padding=\u00a0\u00bb0px||0px||true|false\u00a0\u00bb hover_enabled=\u00a0\u00bb0&Prime; global_colors_info=\u00a0\u00bb{}\u00a0\u00bb theme_builder_area=\u00a0\u00bbpost_content\u00a0\u00bb sticky_enabled=\u00a0\u00bb0&Prime;]<\/p>\n<h3>Offres de stages<\/h3>\n<p>[\/et_pb_text][et_pb_divider _builder_version=\u00a0\u00bb4.20.4&Prime; _module_preset=\u00a0\u00bbdefault\u00a0\u00bb theme_builder_area=\u00a0\u00bbpost_content\u00a0\u00bb color=\u00a0\u00bb#000000&Prime; hover_enabled=\u00a0\u00bb0&Prime; sticky_enabled=\u00a0\u00bb0&Prime;][\/et_pb_divider][\/et_pb_column][\/et_pb_row][\/et_pb_section]<\/p>","protected":false},"excerpt":{"rendered":"<p>Offres de stages<\/p>","protected":false},"author":19,"featured_media":0,"parent":0,"menu_order":0,"comment_status":"closed","ping_status":"closed","template":"","meta":{"_acf_changed":false,"_et_pb_use_builder":"on","_et_pb_old_content":"","_et_gb_content_width":"","jetpack_post_was_ever_published":false,"footnotes":""},"class_list":["post-14525","page","type-page","status-publish","hentry"],"acf":[],"yoast_head":"<!-- This site is optimized with the Yoast SEO plugin v27.5 - https:\/\/yoast.com\/product\/yoast-seo-wordpress\/ -->\n<title>Offres de stages - Institut Pasteur de Madagascar<\/title>\n<meta name=\"robots\" content=\"index, follow, max-snippet:-1, max-image-preview:large, max-video-preview:-1\" \/>\n<link rel=\"canonical\" href=\"https:\/\/www.pasteur.mg\/en\/offres-de-stages\/\" \/>\n<meta property=\"og:locale\" content=\"en_US\" \/>\n<meta property=\"og:type\" content=\"article\" \/>\n<meta property=\"og:title\" content=\"Offres de stages - Institut Pasteur de Madagascar\" \/>\n<meta property=\"og:url\" content=\"https:\/\/www.pasteur.mg\/en\/offres-de-stages\/\" \/>\n<meta property=\"og:site_name\" content=\"Institut Pasteur de Madagascar\" \/>\n<meta property=\"article:publisher\" content=\"https:\/\/www.facebook.com\/pasteurMG\" \/>\n<meta property=\"article:modified_time\" content=\"2023-11-23T07:31:55+00:00\" \/>\n<meta name=\"twitter:card\" content=\"summary_large_image\" \/>\n<meta name=\"twitter:site\" content=\"@pasteurMG\" \/>\n<script type=\"application\/ld+json\" class=\"yoast-schema-graph\">{\"@context\":\"https:\\\/\\\/schema.org\",\"@graph\":[{\"@type\":\"WebPage\",\"@id\":\"https:\\\/\\\/www.pasteur.mg\\\/offres-de-stages\\\/\",\"url\":\"https:\\\/\\\/www.pasteur.mg\\\/offres-de-stages\\\/\",\"name\":\"Offres de stages - Institut Pasteur de Madagascar\",\"isPartOf\":{\"@id\":\"https:\\\/\\\/www.pasteur.mg\\\/#website\"},\"datePublished\":\"2023-11-23T07:30:23+00:00\",\"dateModified\":\"2023-11-23T07:31:55+00:00\",\"breadcrumb\":{\"@id\":\"https:\\\/\\\/www.pasteur.mg\\\/offres-de-stages\\\/#breadcrumb\"},\"inLanguage\":\"en-US\",\"potentialAction\":[{\"@type\":\"ReadAction\",\"target\":[\"https:\\\/\\\/www.pasteur.mg\\\/offres-de-stages\\\/\"]}]},{\"@type\":\"BreadcrumbList\",\"@id\":\"https:\\\/\\\/www.pasteur.mg\\\/offres-de-stages\\\/#breadcrumb\",\"itemListElement\":[{\"@type\":\"ListItem\",\"position\":1,\"name\":\"Accueil\",\"item\":\"https:\\\/\\\/www.pasteur.mg\\\/\"},{\"@type\":\"ListItem\",\"position\":2,\"name\":\"Offres de stages\"}]},{\"@type\":\"WebSite\",\"@id\":\"https:\\\/\\\/www.pasteur.mg\\\/#website\",\"url\":\"https:\\\/\\\/www.pasteur.mg\\\/\",\"name\":\"Institut Pasteur de Madagascar\",\"description\":\"Etablissement scientifique priv\u00e9 malgache, \u00e0 but non lucratif et reconnu d\u2019utilit\u00e9 publique du R\u00e9seau International des Instituts Pasteur, plac\u00e9 sous le Haut patronage du gouvernement de la R\u00e9publique Malgache.\",\"publisher\":{\"@id\":\"https:\\\/\\\/www.pasteur.mg\\\/#organization\"},\"potentialAction\":[{\"@type\":\"SearchAction\",\"target\":{\"@type\":\"EntryPoint\",\"urlTemplate\":\"https:\\\/\\\/www.pasteur.mg\\\/?s={search_term_string}\"},\"query-input\":{\"@type\":\"PropertyValueSpecification\",\"valueRequired\":true,\"valueName\":\"search_term_string\"}}],\"inLanguage\":\"en-US\"},{\"@type\":\"Organization\",\"@id\":\"https:\\\/\\\/www.pasteur.mg\\\/#organization\",\"name\":\"Institut Pasteur de Madagascar\",\"url\":\"https:\\\/\\\/www.pasteur.mg\\\/\",\"logo\":{\"@type\":\"ImageObject\",\"inLanguage\":\"en-US\",\"@id\":\"https:\\\/\\\/www.pasteur.mg\\\/#\\\/schema\\\/logo\\\/image\\\/\",\"url\":\"https:\\\/\\\/www.pasteur.mg\\\/wp-content\\\/uploads\\\/2025\\\/03\\\/Logo-IPM-1.png\",\"contentUrl\":\"https:\\\/\\\/www.pasteur.mg\\\/wp-content\\\/uploads\\\/2025\\\/03\\\/Logo-IPM-1.png\",\"width\":5865,\"height\":3422,\"caption\":\"Institut Pasteur de Madagascar\"},\"image\":{\"@id\":\"https:\\\/\\\/www.pasteur.mg\\\/#\\\/schema\\\/logo\\\/image\\\/\"},\"sameAs\":[\"https:\\\/\\\/www.facebook.com\\\/pasteurMG\",\"https:\\\/\\\/x.com\\\/pasteurMG\",\"https:\\\/\\\/www.linkedin.com\\\/company\\\/institut-pasteur-de-madagascar\"]}]}<\/script>\n<!-- \/ Yoast SEO plugin. -->","yoast_head_json":{"title":"Offres de stages - Institut Pasteur de Madagascar","robots":{"index":"index","follow":"follow","max-snippet":"max-snippet:-1","max-image-preview":"max-image-preview:large","max-video-preview":"max-video-preview:-1"},"canonical":"https:\/\/www.pasteur.mg\/en\/offres-de-stages\/","og_locale":"en_US","og_type":"article","og_title":"Offres de stages - Institut Pasteur de Madagascar","og_url":"https:\/\/www.pasteur.mg\/en\/offres-de-stages\/","og_site_name":"Institut Pasteur de Madagascar","article_publisher":"https:\/\/www.facebook.com\/pasteurMG","article_modified_time":"2023-11-23T07:31:55+00:00","twitter_card":"summary_large_image","twitter_site":"@pasteurMG","schema":{"@context":"https:\/\/schema.org","@graph":[{"@type":"WebPage","@id":"https:\/\/www.pasteur.mg\/offres-de-stages\/","url":"https:\/\/www.pasteur.mg\/offres-de-stages\/","name":"Offres de stages - Institut Pasteur de Madagascar","isPartOf":{"@id":"https:\/\/www.pasteur.mg\/#website"},"datePublished":"2023-11-23T07:30:23+00:00","dateModified":"2023-11-23T07:31:55+00:00","breadcrumb":{"@id":"https:\/\/www.pasteur.mg\/offres-de-stages\/#breadcrumb"},"inLanguage":"en-US","potentialAction":[{"@type":"ReadAction","target":["https:\/\/www.pasteur.mg\/offres-de-stages\/"]}]},{"@type":"BreadcrumbList","@id":"https:\/\/www.pasteur.mg\/offres-de-stages\/#breadcrumb","itemListElement":[{"@type":"ListItem","position":1,"name":"Accueil","item":"https:\/\/www.pasteur.mg\/"},{"@type":"ListItem","position":2,"name":"Offres de stages"}]},{"@type":"WebSite","@id":"https:\/\/www.pasteur.mg\/#website","url":"https:\/\/www.pasteur.mg\/","name":"Institut Pasteur de Madagascar","description":"Etablissement scientifique priv\u00e9 malgache, \u00e0 but non lucratif et reconnu d\u2019utilit\u00e9 publique du R\u00e9seau International des Instituts Pasteur, plac\u00e9 sous le Haut patronage du gouvernement de la R\u00e9publique Malgache.","publisher":{"@id":"https:\/\/www.pasteur.mg\/#organization"},"potentialAction":[{"@type":"SearchAction","target":{"@type":"EntryPoint","urlTemplate":"https:\/\/www.pasteur.mg\/?s={search_term_string}"},"query-input":{"@type":"PropertyValueSpecification","valueRequired":true,"valueName":"search_term_string"}}],"inLanguage":"en-US"},{"@type":"Organization","@id":"https:\/\/www.pasteur.mg\/#organization","name":"Institut Pasteur de Madagascar","url":"https:\/\/www.pasteur.mg\/","logo":{"@type":"ImageObject","inLanguage":"en-US","@id":"https:\/\/www.pasteur.mg\/#\/schema\/logo\/image\/","url":"https:\/\/www.pasteur.mg\/wp-content\/uploads\/2025\/03\/Logo-IPM-1.png","contentUrl":"https:\/\/www.pasteur.mg\/wp-content\/uploads\/2025\/03\/Logo-IPM-1.png","width":5865,"height":3422,"caption":"Institut Pasteur de Madagascar"},"image":{"@id":"https:\/\/www.pasteur.mg\/#\/schema\/logo\/image\/"},"sameAs":["https:\/\/www.facebook.com\/pasteurMG","https:\/\/x.com\/pasteurMG","https:\/\/www.linkedin.com\/company\/institut-pasteur-de-madagascar"]}]}},"jetpack_sharing_enabled":true,"publishpress_future_action":{"enabled":false,"date":"2026-05-09 14:08:24","action":"change-status","newStatus":"draft","terms":[],"taxonomy":"","extraData":[]},"publishpress_future_workflow_manual_trigger":{"enabledWorkflows":[]},"amp_enabled":true,"_links":{"self":[{"href":"https:\/\/www.pasteur.mg\/en\/wp-json\/wp\/v2\/pages\/14525","targetHints":{"allow":["GET"]}}],"collection":[{"href":"https:\/\/www.pasteur.mg\/en\/wp-json\/wp\/v2\/pages"}],"about":[{"href":"https:\/\/www.pasteur.mg\/en\/wp-json\/wp\/v2\/types\/page"}],"author":[{"embeddable":true,"href":"https:\/\/www.pasteur.mg\/en\/wp-json\/wp\/v2\/users\/19"}],"replies":[{"embeddable":true,"href":"https:\/\/www.pasteur.mg\/en\/wp-json\/wp\/v2\/comments?post=14525"}],"version-history":[{"count":3,"href":"https:\/\/www.pasteur.mg\/en\/wp-json\/wp\/v2\/pages\/14525\/revisions"}],"predecessor-version":[{"id":14528,"href":"https:\/\/www.pasteur.mg\/en\/wp-json\/wp\/v2\/pages\/14525\/revisions\/14528"}],"wp:attachment":[{"href":"https:\/\/www.pasteur.mg\/en\/wp-json\/wp\/v2\/media?parent=14525"}],"curies":[{"name":"wp","href":"https:\/\/api.w.org\/{rel}","templated":true}]}}