{"id":14638,"date":"2023-11-27T10:57:18","date_gmt":"2023-11-27T07:57:18","guid":{"rendered":"https:\/\/www.pasteur.mg\/?page_id=14638"},"modified":"2025-05-23T16:17:50","modified_gmt":"2025-05-23T13:17:50","slug":"rougeole-et-rubeole","status":"publish","type":"page","link":"https:\/\/www.pasteur.mg\/en\/activites-de-reference-et-dexpertise\/rougeole-et-rubeole\/","title":{"rendered":"Laboratoire National de R\u00e9f\u00e9rence pour la Rougeole et la Rub\u00e9ole"},"content":{"rendered":"<p>[et_pb_section fb_built=\u00a0\u00bb1&Prime; _builder_version=\u00a0\u00bb4.20.4&Prime; _module_preset=\u00a0\u00bbdefault\u00a0\u00bb background_enable_color=\u00a0\u00bboff\u00a0\u00bb custom_padding=\u00a0\u00bb0px||0px||true|false\u00a0\u00bb global_colors_info=\u00a0\u00bb{}\u00a0\u00bb][et_pb_row _builder_version=\u00a0\u00bb4.20.4&Prime; _module_preset=\u00a0\u00bbdefault\u00a0\u00bb custom_margin=\u00a0\u00bb20px||||false|false\u00a0\u00bb custom_padding=\u00a0\u00bb10px||10px||true|false\u00a0\u00bb border_radii=\u00a0\u00bbon|10px|10px|10px|10px\u00a0\u00bb global_colors_info=\u00a0\u00bb{}\u00a0\u00bb][et_pb_column type=\u00a0\u00bb4_4&Prime; _builder_version=\u00a0\u00bb4.20.4&Prime; _module_preset=\u00a0\u00bbdefault\u00a0\u00bb global_colors_info=\u00a0\u00bb{}\u00a0\u00bb][et_pb_code _builder_version=\u00a0\u00bb4.20.4&Prime; _module_preset=\u00a0\u00bbdefault\u00a0\u00bb text_orientation=\u00a0\u00bbleft\u00a0\u00bb custom_margin=\u00a0\u00bb0px||0px||true|false\u00a0\u00bb custom_padding=\u00a0\u00bb0px||0px||true|false\u00a0\u00bb global_colors_info=\u00a0\u00bb{}\u00a0\u00bb]<span><span><a href=\"https:\/\/www.pasteur.mg\/en\/\">Accueil<\/a><\/span><\/span>[\/et_pb_code][et_pb_post_title meta=\u00a0\u00bboff\u00a0\u00bb featured_image=\u00a0\u00bboff\u00a0\u00bb _builder_version=\u00a0\u00bb4.20.4&Prime; _module_preset=\u00a0\u00bbdefault\u00a0\u00bb title_font=\u00a0\u00bbFS Joey Bold|||||on|||\u00a0\u00bb title_text_align=\u00a0\u00bbleft\u00a0\u00bb title_text_color=\u00a0\u00bb#107fc3&Prime; title_font_size=\u00a0\u00bb50px\u00a0\u00bb custom_padding=\u00a0\u00bb||||false|false\u00a0\u00bb global_colors_info=\u00a0\u00bb{}\u00a0\u00bb][\/et_pb_post_title][et_pb_divider color=\u00a0\u00bb#000000&Prime; _builder_version=\u00a0\u00bb4.20.4&Prime; _module_preset=\u00a0\u00bbdefault\u00a0\u00bb custom_padding=\u00a0\u00bb0px||0px||false|false\u00a0\u00bb global_colors_info=\u00a0\u00bb{}\u00a0\u00bb][\/et_pb_divider][\/et_pb_column][\/et_pb_row][\/et_pb_section][et_pb_section fb_built=\u00a0\u00bb1&Prime; _builder_version=\u00a0\u00bb4.20.4&Prime; _module_preset=\u00a0\u00bbdefault\u00a0\u00bb custom_padding=\u00a0\u00bb0px||||false|false\u00a0\u00bb global_colors_info=\u00a0\u00bb{}\u00a0\u00bb][et_pb_row _builder_version=\u00a0\u00bb4.20.4&Prime; _module_preset=\u00a0\u00bbdefault\u00a0\u00bb custom_margin=\u00a0\u00bb0px||0px||false|false\u00a0\u00bb custom_padding=\u00a0\u00bb0px||0px||false|false\u00a0\u00bb global_colors_info=\u00a0\u00bb{}\u00a0\u00bb][et_pb_column type=\u00a0\u00bb4_4&Prime; _builder_version=\u00a0\u00bb4.20.4&Prime; _module_preset=\u00a0\u00bbdefault\u00a0\u00bb global_colors_info=\u00a0\u00bb{}\u00a0\u00bb][et_pb_text _builder_version=\u00a0\u00bb4.20.4&Prime; _module_preset=\u00a0\u00bbdefault\u00a0\u00bb global_colors_info=\u00a0\u00bb{}\u00a0\u00bb]<\/p>\n<p style=\"text-align: justify;\"><span style=\"color: #000000;\"><strong>La rougeole<\/strong><\/span> et <span style=\"color: #000000;\"><strong>la rub\u00e9ole<\/strong><\/span> sont des maladies virales tr\u00e8s contagieuses. Pour la rougeole, le virus se transmet par contact direct ou par l\u2019air, infectant les voies respiratoires puis se propageant \u00e0 tout l\u2019organisme. Elle est l&rsquo;une des causes importantes de d\u00e9c\u00e8s des enfants de moins de 5 ans.<\/p>\n<p style=\"text-align: justify;\">La rub\u00e9ole est la principale cause d\u2019anomalies cong\u00e9nitales \u00e9vitables par la vaccination. Chez la femme enceinte, la rub\u00e9ole peut entra\u00eener la mort du f\u0153tus ou des malformations cong\u00e9nitales et un risque de pr\u00e9maturit\u00e9. La vaccination demeure la strat\u00e9gie de choix pour se prot\u00e9ger de la rougeole et de la rub\u00e9ole.<\/p>\n<p style=\"text-align: justify;\"><span style=\"color: #000000;\"><strong>La surveillance des cas suspects de rougeole et de rub\u00e9ole \u00e0 Madagascar<\/strong><\/span> est r\u00e9alis\u00e9e par le Laboratoire National de R\u00e9f\u00e9rence (LNR) pour la Rougeole et la Rub\u00e9ole, h\u00e9berg\u00e9 par l\u2019unit\u00e9 de Virologie de l\u2019Institut Pasteur de Madagascar (IPM). Le LNR, reconnu par l\u2019Organisation Mondiale de la Sant\u00e9 (OMS) et rattach\u00e9 au Minist\u00e8re de la Sant\u00e9 Publique, a pour mission de diagnostiquer l\u2019infection par les virus de la rougeole et de la rub\u00e9ole chez les patients suspects.<\/p>\n<p style=\"text-align: justify;\">Les \u00e9chantillons biologiques (sang, urine, \u00e9couvillons gingivaux) des cas suspects pr\u00e9lev\u00e9s au niveau des centres de sant\u00e9 sur tout le territoire Malagasy sont ainsi achemin\u00e9s au LNR. Le diagnostic biologique repose sur la mise en \u00e9vidence dans le s\u00e9rum d\u2019anticorps sp\u00e9cifiques (IgM) dirig\u00e9s contre ces virus ou sur la d\u00e9tection mol\u00e9culaire \u00e0 partir d\u2019\u00e9couvillons gingivaux ou d\u2019\u00e9chantillons d\u2019urine.<\/p>\n<p style=\"text-align: justify;\">Les donn\u00e9es du LNR rougeole et rub\u00e9ole sont essentielles pour la surveillance des cas suspects Madagascar. Elles permettent d\u2019orienter les strat\u00e9gies de vaccination et de renforcement de la surveillance coordonn\u00e9es par les autorit\u00e9s de sant\u00e9.<\/p>\n<p style=\"text-align: justify;\">\n<p>[\/et_pb_text][\/et_pb_column][\/et_pb_row][\/et_pb_section]<\/p>","protected":false},"excerpt":{"rendered":"<p><span><span><a href=\"https:\/\/www.pasteur.mg\/en\/\">Accueil<\/a><\/span><\/span>La rougeole et la rub\u00e9ole sont des maladies virales tr\u00e8s contagieuses. Pour la rougeole, le virus se transmet par contact direct ou par l\u2019air, infectant les voies respiratoires puis se propageant \u00e0 tout l\u2019organisme. Elle est l&rsquo;une des causes importantes de d\u00e9c\u00e8s des enfants de moins de 5 ans. La rub\u00e9ole est la principale cause [&hellip;]<\/p>","protected":false},"author":19,"featured_media":0,"parent":19960,"menu_order":0,"comment_status":"closed","ping_status":"closed","template":"","meta":{"_acf_changed":false,"_et_pb_use_builder":"on","_et_pb_old_content":"","_et_gb_content_width":"","jetpack_post_was_ever_published":false,"footnotes":""},"class_list":["post-14638","page","type-page","status-publish","hentry"],"acf":[],"yoast_head":"<!-- This site is optimized with the Yoast SEO plugin v27.5 - https:\/\/yoast.com\/product\/yoast-seo-wordpress\/ -->\n<title>Laboratoire National de R\u00e9f\u00e9rence pour la Rougeole et la Rub\u00e9ole - Institut Pasteur de Madagascar<\/title>\n<meta name=\"robots\" content=\"index, follow, max-snippet:-1, max-image-preview:large, max-video-preview:-1\" \/>\n<link rel=\"canonical\" href=\"https:\/\/www.pasteur.mg\/en\/activites-de-reference-et-dexpertise\/rougeole-et-rubeole\/\" \/>\n<meta property=\"og:locale\" content=\"en_US\" \/>\n<meta property=\"og:type\" content=\"article\" \/>\n<meta property=\"og:title\" content=\"Laboratoire National de R\u00e9f\u00e9rence pour la Rougeole et la Rub\u00e9ole - Institut Pasteur de Madagascar\" \/>\n<meta property=\"og:url\" content=\"https:\/\/www.pasteur.mg\/en\/activites-de-reference-et-dexpertise\/rougeole-et-rubeole\/\" \/>\n<meta property=\"og:site_name\" content=\"Institut Pasteur de Madagascar\" \/>\n<meta property=\"article:publisher\" content=\"https:\/\/www.facebook.com\/pasteurMG\" \/>\n<meta property=\"article:modified_time\" content=\"2025-05-23T13:17:50+00:00\" \/>\n<meta name=\"twitter:card\" content=\"summary_large_image\" \/>\n<meta name=\"twitter:site\" content=\"@pasteurMG\" \/>\n<script type=\"application\/ld+json\" class=\"yoast-schema-graph\">{\"@context\":\"https:\\\/\\\/schema.org\",\"@graph\":[{\"@type\":\"WebPage\",\"@id\":\"https:\\\/\\\/www.pasteur.mg\\\/activites-de-reference-et-dexpertise\\\/rougeole-et-rubeole\\\/\",\"url\":\"https:\\\/\\\/www.pasteur.mg\\\/activites-de-reference-et-dexpertise\\\/rougeole-et-rubeole\\\/\",\"name\":\"Laboratoire National de R\u00e9f\u00e9rence pour la Rougeole et la Rub\u00e9ole - Institut Pasteur de Madagascar\",\"isPartOf\":{\"@id\":\"https:\\\/\\\/www.pasteur.mg\\\/#website\"},\"datePublished\":\"2023-11-27T07:57:18+00:00\",\"dateModified\":\"2025-05-23T13:17:50+00:00\",\"breadcrumb\":{\"@id\":\"https:\\\/\\\/www.pasteur.mg\\\/activites-de-reference-et-dexpertise\\\/rougeole-et-rubeole\\\/#breadcrumb\"},\"inLanguage\":\"en-US\",\"potentialAction\":[{\"@type\":\"ReadAction\",\"target\":[\"https:\\\/\\\/www.pasteur.mg\\\/activites-de-reference-et-dexpertise\\\/rougeole-et-rubeole\\\/\"]}]},{\"@type\":\"BreadcrumbList\",\"@id\":\"https:\\\/\\\/www.pasteur.mg\\\/activites-de-reference-et-dexpertise\\\/rougeole-et-rubeole\\\/#breadcrumb\",\"itemListElement\":[{\"@type\":\"ListItem\",\"position\":1,\"name\":\"Accueil\",\"item\":\"https:\\\/\\\/www.pasteur.mg\\\/\"},{\"@type\":\"ListItem\",\"position\":2,\"name\":\"Activit\u00e9s de r\u00e9f\u00e9rence et d&rsquo;expertise\",\"item\":\"https:\\\/\\\/www.pasteur.mg\\\/activites-de-reference-et-dexpertise\\\/\"},{\"@type\":\"ListItem\",\"position\":3,\"name\":\"Laboratoire National de R\u00e9f\u00e9rence pour la Rougeole et la Rub\u00e9ole\"}]},{\"@type\":\"WebSite\",\"@id\":\"https:\\\/\\\/www.pasteur.mg\\\/#website\",\"url\":\"https:\\\/\\\/www.pasteur.mg\\\/\",\"name\":\"Institut Pasteur de Madagascar\",\"description\":\"Etablissement scientifique priv\u00e9 malgache, \u00e0 but non lucratif et reconnu d\u2019utilit\u00e9 publique du R\u00e9seau International des Instituts Pasteur, plac\u00e9 sous le Haut patronage du gouvernement de la R\u00e9publique Malgache.\",\"publisher\":{\"@id\":\"https:\\\/\\\/www.pasteur.mg\\\/#organization\"},\"potentialAction\":[{\"@type\":\"SearchAction\",\"target\":{\"@type\":\"EntryPoint\",\"urlTemplate\":\"https:\\\/\\\/www.pasteur.mg\\\/?s={search_term_string}\"},\"query-input\":{\"@type\":\"PropertyValueSpecification\",\"valueRequired\":true,\"valueName\":\"search_term_string\"}}],\"inLanguage\":\"en-US\"},{\"@type\":\"Organization\",\"@id\":\"https:\\\/\\\/www.pasteur.mg\\\/#organization\",\"name\":\"Institut Pasteur de Madagascar\",\"url\":\"https:\\\/\\\/www.pasteur.mg\\\/\",\"logo\":{\"@type\":\"ImageObject\",\"inLanguage\":\"en-US\",\"@id\":\"https:\\\/\\\/www.pasteur.mg\\\/#\\\/schema\\\/logo\\\/image\\\/\",\"url\":\"https:\\\/\\\/www.pasteur.mg\\\/wp-content\\\/uploads\\\/2025\\\/03\\\/Logo-IPM-1.png\",\"contentUrl\":\"https:\\\/\\\/www.pasteur.mg\\\/wp-content\\\/uploads\\\/2025\\\/03\\\/Logo-IPM-1.png\",\"width\":5865,\"height\":3422,\"caption\":\"Institut Pasteur de Madagascar\"},\"image\":{\"@id\":\"https:\\\/\\\/www.pasteur.mg\\\/#\\\/schema\\\/logo\\\/image\\\/\"},\"sameAs\":[\"https:\\\/\\\/www.facebook.com\\\/pasteurMG\",\"https:\\\/\\\/x.com\\\/pasteurMG\",\"https:\\\/\\\/www.linkedin.com\\\/company\\\/institut-pasteur-de-madagascar\"]}]}<\/script>\n<!-- \/ Yoast SEO plugin. -->","yoast_head_json":{"title":"Laboratoire National de R\u00e9f\u00e9rence pour la Rougeole et la Rub\u00e9ole - Institut Pasteur de Madagascar","robots":{"index":"index","follow":"follow","max-snippet":"max-snippet:-1","max-image-preview":"max-image-preview:large","max-video-preview":"max-video-preview:-1"},"canonical":"https:\/\/www.pasteur.mg\/en\/activites-de-reference-et-dexpertise\/rougeole-et-rubeole\/","og_locale":"en_US","og_type":"article","og_title":"Laboratoire National de R\u00e9f\u00e9rence pour la Rougeole et la Rub\u00e9ole - Institut Pasteur de Madagascar","og_url":"https:\/\/www.pasteur.mg\/en\/activites-de-reference-et-dexpertise\/rougeole-et-rubeole\/","og_site_name":"Institut Pasteur de Madagascar","article_publisher":"https:\/\/www.facebook.com\/pasteurMG","article_modified_time":"2025-05-23T13:17:50+00:00","twitter_card":"summary_large_image","twitter_site":"@pasteurMG","schema":{"@context":"https:\/\/schema.org","@graph":[{"@type":"WebPage","@id":"https:\/\/www.pasteur.mg\/activites-de-reference-et-dexpertise\/rougeole-et-rubeole\/","url":"https:\/\/www.pasteur.mg\/activites-de-reference-et-dexpertise\/rougeole-et-rubeole\/","name":"Laboratoire National de R\u00e9f\u00e9rence pour la Rougeole et la Rub\u00e9ole - Institut Pasteur de Madagascar","isPartOf":{"@id":"https:\/\/www.pasteur.mg\/#website"},"datePublished":"2023-11-27T07:57:18+00:00","dateModified":"2025-05-23T13:17:50+00:00","breadcrumb":{"@id":"https:\/\/www.pasteur.mg\/activites-de-reference-et-dexpertise\/rougeole-et-rubeole\/#breadcrumb"},"inLanguage":"en-US","potentialAction":[{"@type":"ReadAction","target":["https:\/\/www.pasteur.mg\/activites-de-reference-et-dexpertise\/rougeole-et-rubeole\/"]}]},{"@type":"BreadcrumbList","@id":"https:\/\/www.pasteur.mg\/activites-de-reference-et-dexpertise\/rougeole-et-rubeole\/#breadcrumb","itemListElement":[{"@type":"ListItem","position":1,"name":"Accueil","item":"https:\/\/www.pasteur.mg\/"},{"@type":"ListItem","position":2,"name":"Activit\u00e9s de r\u00e9f\u00e9rence et d&rsquo;expertise","item":"https:\/\/www.pasteur.mg\/activites-de-reference-et-dexpertise\/"},{"@type":"ListItem","position":3,"name":"Laboratoire National de R\u00e9f\u00e9rence pour la Rougeole et la Rub\u00e9ole"}]},{"@type":"WebSite","@id":"https:\/\/www.pasteur.mg\/#website","url":"https:\/\/www.pasteur.mg\/","name":"Institut Pasteur de Madagascar","description":"Etablissement scientifique priv\u00e9 malgache, \u00e0 but non lucratif et reconnu d\u2019utilit\u00e9 publique du R\u00e9seau International des Instituts Pasteur, plac\u00e9 sous le Haut patronage du gouvernement de la R\u00e9publique Malgache.","publisher":{"@id":"https:\/\/www.pasteur.mg\/#organization"},"potentialAction":[{"@type":"SearchAction","target":{"@type":"EntryPoint","urlTemplate":"https:\/\/www.pasteur.mg\/?s={search_term_string}"},"query-input":{"@type":"PropertyValueSpecification","valueRequired":true,"valueName":"search_term_string"}}],"inLanguage":"en-US"},{"@type":"Organization","@id":"https:\/\/www.pasteur.mg\/#organization","name":"Institut Pasteur de Madagascar","url":"https:\/\/www.pasteur.mg\/","logo":{"@type":"ImageObject","inLanguage":"en-US","@id":"https:\/\/www.pasteur.mg\/#\/schema\/logo\/image\/","url":"https:\/\/www.pasteur.mg\/wp-content\/uploads\/2025\/03\/Logo-IPM-1.png","contentUrl":"https:\/\/www.pasteur.mg\/wp-content\/uploads\/2025\/03\/Logo-IPM-1.png","width":5865,"height":3422,"caption":"Institut Pasteur de Madagascar"},"image":{"@id":"https:\/\/www.pasteur.mg\/#\/schema\/logo\/image\/"},"sameAs":["https:\/\/www.facebook.com\/pasteurMG","https:\/\/x.com\/pasteurMG","https:\/\/www.linkedin.com\/company\/institut-pasteur-de-madagascar"]}]}},"jetpack_sharing_enabled":true,"publishpress_future_action":{"enabled":false,"date":"2026-05-06 06:18:25","action":"change-status","newStatus":"draft","terms":[],"taxonomy":"","extraData":[]},"publishpress_future_workflow_manual_trigger":{"enabledWorkflows":[]},"amp_enabled":true,"_links":{"self":[{"href":"https:\/\/www.pasteur.mg\/en\/wp-json\/wp\/v2\/pages\/14638","targetHints":{"allow":["GET"]}}],"collection":[{"href":"https:\/\/www.pasteur.mg\/en\/wp-json\/wp\/v2\/pages"}],"about":[{"href":"https:\/\/www.pasteur.mg\/en\/wp-json\/wp\/v2\/types\/page"}],"author":[{"embeddable":true,"href":"https:\/\/www.pasteur.mg\/en\/wp-json\/wp\/v2\/users\/19"}],"replies":[{"embeddable":true,"href":"https:\/\/www.pasteur.mg\/en\/wp-json\/wp\/v2\/comments?post=14638"}],"version-history":[{"count":8,"href":"https:\/\/www.pasteur.mg\/en\/wp-json\/wp\/v2\/pages\/14638\/revisions"}],"predecessor-version":[{"id":20612,"href":"https:\/\/www.pasteur.mg\/en\/wp-json\/wp\/v2\/pages\/14638\/revisions\/20612"}],"up":[{"embeddable":true,"href":"https:\/\/www.pasteur.mg\/en\/wp-json\/wp\/v2\/pages\/19960"}],"wp:attachment":[{"href":"https:\/\/www.pasteur.mg\/en\/wp-json\/wp\/v2\/media?parent=14638"}],"curies":[{"name":"wp","href":"https:\/\/api.w.org\/{rel}","templated":true}]}}