{"id":20531,"date":"2025-05-20T22:45:36","date_gmt":"2025-05-20T19:45:36","guid":{"rendered":"https:\/\/www.pasteur.mg\/?page_id=20531"},"modified":"2025-05-23T16:33:27","modified_gmt":"2025-05-23T13:33:27","slug":"cnr-vibrio-cholerae-salmonelles-shigelles","status":"publish","type":"page","link":"https:\/\/www.pasteur.mg\/en\/activites-de-reference-et-dexpertise\/cnr-vibrio-cholerae-salmonelles-shigelles\/","title":{"rendered":"Centre National de R\u00e9f\u00e9rence pour Vibrio cholerae, Salmonelles et Shigelles"},"content":{"rendered":"<p>[et_pb_section fb_built=\u00a0\u00bb1&Prime; _builder_version=\u00a0\u00bb4.20.4&Prime; _module_preset=\u00a0\u00bbdefault\u00a0\u00bb background_enable_color=\u00a0\u00bboff\u00a0\u00bb custom_padding=\u00a0\u00bb0px||0px||true|false\u00a0\u00bb global_colors_info=\u00a0\u00bb{}\u00a0\u00bb][et_pb_row _builder_version=\u00a0\u00bb4.20.4&Prime; _module_preset=\u00a0\u00bbdefault\u00a0\u00bb custom_margin=\u00a0\u00bb20px||||false|false\u00a0\u00bb custom_padding=\u00a0\u00bb10px||10px||true|false\u00a0\u00bb border_radii=\u00a0\u00bbon|10px|10px|10px|10px\u00a0\u00bb global_colors_info=\u00a0\u00bb{}\u00a0\u00bb][et_pb_column type=\u00a0\u00bb4_4&Prime; _builder_version=\u00a0\u00bb4.20.4&Prime; _module_preset=\u00a0\u00bbdefault\u00a0\u00bb global_colors_info=\u00a0\u00bb{}\u00a0\u00bb][et_pb_code _builder_version=\u00a0\u00bb4.20.4&Prime; _module_preset=\u00a0\u00bbdefault\u00a0\u00bb text_orientation=\u00a0\u00bbleft\u00a0\u00bb custom_margin=\u00a0\u00bb0px||0px||true|false\u00a0\u00bb custom_padding=\u00a0\u00bb0px||0px||true|false\u00a0\u00bb global_colors_info=\u00a0\u00bb{}\u00a0\u00bb]<span><span><a href=\"https:\/\/www.pasteur.mg\/en\/\">Accueil<\/a><\/span><\/span>[\/et_pb_code][et_pb_post_title meta=\u00a0\u00bboff\u00a0\u00bb featured_image=\u00a0\u00bboff\u00a0\u00bb _builder_version=\u00a0\u00bb4.20.4&Prime; _module_preset=\u00a0\u00bbdefault\u00a0\u00bb title_font=\u00a0\u00bbFS Joey Bold|||||on|||\u00a0\u00bb title_text_align=\u00a0\u00bbleft\u00a0\u00bb title_text_color=\u00a0\u00bb#107fc3&Prime; title_font_size=\u00a0\u00bb50px\u00a0\u00bb custom_padding=\u00a0\u00bb||||false|false\u00a0\u00bb global_colors_info=\u00a0\u00bb{}\u00a0\u00bb][\/et_pb_post_title][et_pb_divider color=\u00a0\u00bb#000000&Prime; _builder_version=\u00a0\u00bb4.20.4&Prime; _module_preset=\u00a0\u00bbdefault\u00a0\u00bb custom_padding=\u00a0\u00bb0px||0px||false|false\u00a0\u00bb global_colors_info=\u00a0\u00bb{}\u00a0\u00bb][\/et_pb_divider][\/et_pb_column][\/et_pb_row][\/et_pb_section][et_pb_section fb_built=\u00a0\u00bb1&Prime; _builder_version=\u00a0\u00bb4.20.4&Prime; _module_preset=\u00a0\u00bbdefault\u00a0\u00bb custom_padding=\u00a0\u00bb0px||||false|false\u00a0\u00bb global_colors_info=\u00a0\u00bb{}\u00a0\u00bb][et_pb_row _builder_version=\u00a0\u00bb4.20.4&Prime; _module_preset=\u00a0\u00bbdefault\u00a0\u00bb global_colors_info=\u00a0\u00bb{}\u00a0\u00bb][et_pb_column type=\u00a0\u00bb4_4&Prime; _builder_version=\u00a0\u00bb4.20.4&Prime; _module_preset=\u00a0\u00bbdefault\u00a0\u00bb global_colors_info=\u00a0\u00bb{}\u00a0\u00bb][et_pb_text _builder_version=\u00a0\u00bb4.20.4&Prime; _module_preset=\u00a0\u00bbdefault\u00a0\u00bb hover_enabled=\u00a0\u00bb0&Prime; global_colors_info=\u00a0\u00bb{}\u00a0\u00bb sticky_enabled=\u00a0\u00bb0&Prime;]<\/p>\n<p style=\"text-align: justify;\"><strong><em>Vibrio cholerae<\/em>, salmonelle et shigella <\/strong>sont des bact\u00e9ries responsables de maladies infectieuses diarrh\u00e9iques. Selon l\u2019Organisation Mondiale de la Sant\u00e9 (OMS), les maladies diarrh\u00e9iques sont les affections les plus courantes dues \u00e0 des denr\u00e9es alimentaires insalubres : 550 millions de personnes tombent malades chaque ann\u00e9e, dont 220 millions d\u2019enfants de moins de 5 ans.<\/p>\n<p style=\"text-align: justify;\"><strong>Le chol\u00e9ra<\/strong>, d\u00fb \u00e0 la bact\u00e9rie <em>vibrio cholerae<\/em>, est transmise \u00e0 l\u2019homme suite \u00e0 l\u2019absorption par la bouche d\u2019eau ou d\u2019aliments contamin\u00e9s. Une fois dans l\u2019intestin, il y a s\u00e9cr\u00e9tion de toxine chol\u00e9rique responsable d\u2019une forte d\u00e9shydratation, de violentes diarrh\u00e9es et vomissements. En l\u2019absence de traitement, le chol\u00e9ra conduit rapidement \u00e0 la mort (1 \u00e0 3 jours), surtout chez les enfants, les personnes \u00e2g\u00e9es et chez les individus fragilis\u00e9s. L\u2019OMS estime \u00e0 pr\u00e8s de 4 millions de cas et entre 21 000 \u00e0 143 000 d\u00e9c\u00e8s dus au cholera chaque ann\u00e9e dans le monde.<\/p>\n<p style=\"text-align: justify;\"><strong>La salmonellose<\/strong>, due \u00e0 l\u2019ent\u00e9robact\u00e9rie <em>salmonelle<\/em> ou<em> salmonella<\/em>, est transmise \u00e0 l&rsquo;homme par le biais d&rsquo;aliments contamin\u00e9s ou suite \u00e0 un contact direct avec un animal infect\u00e9. Chez l\u2019homme, il existe deux formes\u00a0: la gastro-ent\u00e9rite et la fi\u00e8vre typho\u00efde et paratypho\u00efde. Fi\u00e8vre, diarrh\u00e9e, vomissements et douleurs abdominales sont les principaux sympt\u00f4mes de la forme gastro-ent\u00e9rite. La forme de fi\u00e8vre typho\u00efde et paratypho\u00efde s\u2019accompagne de maux de t\u00eate, d&rsquo;anorexie, d&rsquo;abattement, de douleurs abdominales avec diarrh\u00e9e ou constipation et m\u00eame de complications au niveau du c\u0153ur et du cerveau aboutissant au d\u00e9c\u00e8s en l\u2019absence de traitement.<\/p>\n<p style=\"text-align: justify;\"><strong>La shigellose<\/strong>, provoqu\u00e9e par la bact\u00e9rie <em>shigella<\/em>, est une maladie diarrh\u00e9ique tr\u00e8s contagieuse, transmise par voie f\u00e9co-orale. Elle est responsable d\u2019\u00e9pid\u00e9mies \u00e0 travers le monde\u00a0: elle tue environ 200 000 personnes par an, dont 65 000 enfants de moins de 5 ans. Au-del\u00e0 de la mortalit\u00e9, l\u2019\u00e9mergence de r\u00e9sistance aux antibiotiques et la morbidit\u00e9 li\u00e9e aux cons\u00e9quences \u00e0 long terme dues \u00e0 des infections r\u00e9currentes constituent un probl\u00e8me majeur de sant\u00e9 publique.<\/p>\n<p style=\"text-align: justify;\"><strong>Le CNR <em>Vibrio Cholerae<\/em>, salmonelle et shigelle, <\/strong>sous la tutelle du Minist\u00e8re de la Sant\u00e9 Publique, est anim\u00e9 par le Laboratoire d\u2019Hygiene des Aliments et de l\u2019Environnement (LHAE) (lien page LHAE), le Centre de Biologie Clinique (CBC) (lien page CBC) avec l\u2019appui de l\u2019unit\u00e9 d\u2019Epid\u00e9miologie et de Recherche Clinique (lien page EPIRC) de l\u2019IPM.<\/p>\n<p style=\"text-align: justify;\">Le CNR m\u00e8ne des activit\u00e9s de surveillance<strong>\u00a0<\/strong>\u00e9pid\u00e9miologique comme la participation au r\u00e9seau de surveillance clinique et biologique des syndromes diarrh\u00e9iques et aux investigations d\u2019\u00e9pid\u00e9mie et \u00e0 l\u2019\u00e9tude de la r\u00e9sistance aux antibiotiques des bact\u00e9ries isol\u00e9es de diarrh\u00e9es. Il alerte et conseille le Minist\u00e8re de la Sant\u00e9 Publique en cas d\u2019\u00e9pid\u00e9mies \u00e0 Madagascar.<\/p>\n<p style=\"text-align: justify;\">Il est \u00e9quip\u00e9 d\u2019un plateau technique pour la r\u00e9alisation d\u2019analyses telles que\u00a0:<\/p>\n<ul style=\"text-align: justify;\">\n<li style=\"list-style-type: none;\">\n<ul>\n<li>Le s\u00e9rotypage des <em>Salmonella spp<\/em>. isol\u00e9es en biologie clinique et dans les matrices alimentaires ;<\/li>\n<li>La confirmation des <em>Vibrio spp<\/em>. potentiellement ent\u00e9ropathog\u00e8nes dans le cadre du plan national de surveillance des produits de la mer ;<\/li>\n<li>La d\u00e9tection des facteurs de virulence des <em>Vibrio spp<\/em>. par biologie mol\u00e9culaire.<\/li>\n<\/ul>\n<\/li>\n<\/ul>\n<p>[\/et_pb_text][\/et_pb_column][\/et_pb_row][\/et_pb_section]<\/p>","protected":false},"excerpt":{"rendered":"<p><span><span><a href=\"https:\/\/www.pasteur.mg\/en\/\">Accueil<\/a><\/span><\/span>Vibrio cholerae, salmonelle et shigella sont des bact\u00e9ries responsables de maladies infectieuses diarrh\u00e9iques. Selon l\u2019Organisation Mondiale de la Sant\u00e9 (OMS), les maladies diarrh\u00e9iques sont les affections les plus courantes dues \u00e0 des denr\u00e9es alimentaires insalubres : 550 millions de personnes tombent malades chaque ann\u00e9e, dont 220 millions d\u2019enfants de moins de 5 ans. Le chol\u00e9ra, [&hellip;]<\/p>","protected":false},"author":19,"featured_media":0,"parent":19960,"menu_order":0,"comment_status":"closed","ping_status":"closed","template":"","meta":{"_acf_changed":false,"_et_pb_use_builder":"on","_et_pb_old_content":"","_et_gb_content_width":"","jetpack_post_was_ever_published":false,"footnotes":""},"class_list":["post-20531","page","type-page","status-publish","hentry"],"acf":[],"yoast_head":"<!-- This site is optimized with the Yoast SEO plugin v27.4 - https:\/\/yoast.com\/product\/yoast-seo-wordpress\/ -->\n<title>Centre National de R\u00e9f\u00e9rence pour Vibrio cholerae, Salmonelles et Shigelles - Institut Pasteur de Madagascar<\/title>\n<meta name=\"robots\" content=\"index, follow, max-snippet:-1, max-image-preview:large, max-video-preview:-1\" \/>\n<link rel=\"canonical\" href=\"https:\/\/www.pasteur.mg\/en\/activites-de-reference-et-dexpertise\/cnr-vibrio-cholerae-salmonelles-shigelles\/\" \/>\n<meta property=\"og:locale\" content=\"en_US\" \/>\n<meta property=\"og:type\" content=\"article\" \/>\n<meta property=\"og:title\" content=\"Centre National de R\u00e9f\u00e9rence pour Vibrio cholerae, Salmonelles et Shigelles - Institut Pasteur de Madagascar\" \/>\n<meta property=\"og:url\" content=\"https:\/\/www.pasteur.mg\/en\/activites-de-reference-et-dexpertise\/cnr-vibrio-cholerae-salmonelles-shigelles\/\" \/>\n<meta property=\"og:site_name\" content=\"Institut Pasteur de Madagascar\" \/>\n<meta property=\"article:publisher\" content=\"https:\/\/www.facebook.com\/pasteurMG\" \/>\n<meta property=\"article:modified_time\" content=\"2025-05-23T13:33:27+00:00\" \/>\n<meta name=\"twitter:card\" content=\"summary_large_image\" \/>\n<meta name=\"twitter:site\" content=\"@pasteurMG\" \/>\n<meta name=\"twitter:label1\" content=\"Est. reading time\" \/>\n\t<meta name=\"twitter:data1\" content=\"5 minutes\" \/>\n<script type=\"application\/ld+json\" class=\"yoast-schema-graph\">{\"@context\":\"https:\\\/\\\/schema.org\",\"@graph\":[{\"@type\":\"WebPage\",\"@id\":\"https:\\\/\\\/www.pasteur.mg\\\/activites-de-reference-et-dexpertise\\\/cnr-vibrio-cholerae-salmonelles-shigelles\\\/\",\"url\":\"https:\\\/\\\/www.pasteur.mg\\\/activites-de-reference-et-dexpertise\\\/cnr-vibrio-cholerae-salmonelles-shigelles\\\/\",\"name\":\"Centre National de R\u00e9f\u00e9rence pour Vibrio cholerae, Salmonelles et Shigelles - Institut Pasteur de Madagascar\",\"isPartOf\":{\"@id\":\"https:\\\/\\\/www.pasteur.mg\\\/#website\"},\"datePublished\":\"2025-05-20T19:45:36+00:00\",\"dateModified\":\"2025-05-23T13:33:27+00:00\",\"breadcrumb\":{\"@id\":\"https:\\\/\\\/www.pasteur.mg\\\/activites-de-reference-et-dexpertise\\\/cnr-vibrio-cholerae-salmonelles-shigelles\\\/#breadcrumb\"},\"inLanguage\":\"en-US\",\"potentialAction\":[{\"@type\":\"ReadAction\",\"target\":[\"https:\\\/\\\/www.pasteur.mg\\\/activites-de-reference-et-dexpertise\\\/cnr-vibrio-cholerae-salmonelles-shigelles\\\/\"]}]},{\"@type\":\"BreadcrumbList\",\"@id\":\"https:\\\/\\\/www.pasteur.mg\\\/activites-de-reference-et-dexpertise\\\/cnr-vibrio-cholerae-salmonelles-shigelles\\\/#breadcrumb\",\"itemListElement\":[{\"@type\":\"ListItem\",\"position\":1,\"name\":\"Accueil\",\"item\":\"https:\\\/\\\/www.pasteur.mg\\\/\"},{\"@type\":\"ListItem\",\"position\":2,\"name\":\"Activit\u00e9s de r\u00e9f\u00e9rence et d&rsquo;expertise\",\"item\":\"https:\\\/\\\/www.pasteur.mg\\\/activites-de-reference-et-dexpertise\\\/\"},{\"@type\":\"ListItem\",\"position\":3,\"name\":\"Centre National de R\u00e9f\u00e9rence pour Vibrio cholerae, Salmonelles et Shigelles\"}]},{\"@type\":\"WebSite\",\"@id\":\"https:\\\/\\\/www.pasteur.mg\\\/#website\",\"url\":\"https:\\\/\\\/www.pasteur.mg\\\/\",\"name\":\"Institut Pasteur de Madagascar\",\"description\":\"Etablissement scientifique priv\u00e9 malgache, \u00e0 but non lucratif et reconnu d\u2019utilit\u00e9 publique du R\u00e9seau International des Instituts Pasteur, plac\u00e9 sous le Haut patronage du gouvernement de la R\u00e9publique Malgache.\",\"publisher\":{\"@id\":\"https:\\\/\\\/www.pasteur.mg\\\/#organization\"},\"potentialAction\":[{\"@type\":\"SearchAction\",\"target\":{\"@type\":\"EntryPoint\",\"urlTemplate\":\"https:\\\/\\\/www.pasteur.mg\\\/?s={search_term_string}\"},\"query-input\":{\"@type\":\"PropertyValueSpecification\",\"valueRequired\":true,\"valueName\":\"search_term_string\"}}],\"inLanguage\":\"en-US\"},{\"@type\":\"Organization\",\"@id\":\"https:\\\/\\\/www.pasteur.mg\\\/#organization\",\"name\":\"Institut Pasteur de Madagascar\",\"url\":\"https:\\\/\\\/www.pasteur.mg\\\/\",\"logo\":{\"@type\":\"ImageObject\",\"inLanguage\":\"en-US\",\"@id\":\"https:\\\/\\\/www.pasteur.mg\\\/#\\\/schema\\\/logo\\\/image\\\/\",\"url\":\"https:\\\/\\\/www.pasteur.mg\\\/wp-content\\\/uploads\\\/2025\\\/03\\\/Logo-IPM-1.png\",\"contentUrl\":\"https:\\\/\\\/www.pasteur.mg\\\/wp-content\\\/uploads\\\/2025\\\/03\\\/Logo-IPM-1.png\",\"width\":5865,\"height\":3422,\"caption\":\"Institut Pasteur de Madagascar\"},\"image\":{\"@id\":\"https:\\\/\\\/www.pasteur.mg\\\/#\\\/schema\\\/logo\\\/image\\\/\"},\"sameAs\":[\"https:\\\/\\\/www.facebook.com\\\/pasteurMG\",\"https:\\\/\\\/x.com\\\/pasteurMG\",\"https:\\\/\\\/www.linkedin.com\\\/company\\\/institut-pasteur-de-madagascar\"]}]}<\/script>\n<!-- \/ Yoast SEO plugin. -->","yoast_head_json":{"title":"Centre National de R\u00e9f\u00e9rence pour Vibrio cholerae, Salmonelles et Shigelles - Institut Pasteur de Madagascar","robots":{"index":"index","follow":"follow","max-snippet":"max-snippet:-1","max-image-preview":"max-image-preview:large","max-video-preview":"max-video-preview:-1"},"canonical":"https:\/\/www.pasteur.mg\/en\/activites-de-reference-et-dexpertise\/cnr-vibrio-cholerae-salmonelles-shigelles\/","og_locale":"en_US","og_type":"article","og_title":"Centre National de R\u00e9f\u00e9rence pour Vibrio cholerae, Salmonelles et Shigelles - Institut Pasteur de Madagascar","og_url":"https:\/\/www.pasteur.mg\/en\/activites-de-reference-et-dexpertise\/cnr-vibrio-cholerae-salmonelles-shigelles\/","og_site_name":"Institut Pasteur de Madagascar","article_publisher":"https:\/\/www.facebook.com\/pasteurMG","article_modified_time":"2025-05-23T13:33:27+00:00","twitter_card":"summary_large_image","twitter_site":"@pasteurMG","twitter_misc":{"Est. reading time":"5 minutes"},"schema":{"@context":"https:\/\/schema.org","@graph":[{"@type":"WebPage","@id":"https:\/\/www.pasteur.mg\/activites-de-reference-et-dexpertise\/cnr-vibrio-cholerae-salmonelles-shigelles\/","url":"https:\/\/www.pasteur.mg\/activites-de-reference-et-dexpertise\/cnr-vibrio-cholerae-salmonelles-shigelles\/","name":"Centre National de R\u00e9f\u00e9rence pour Vibrio cholerae, Salmonelles et Shigelles - Institut Pasteur de Madagascar","isPartOf":{"@id":"https:\/\/www.pasteur.mg\/#website"},"datePublished":"2025-05-20T19:45:36+00:00","dateModified":"2025-05-23T13:33:27+00:00","breadcrumb":{"@id":"https:\/\/www.pasteur.mg\/activites-de-reference-et-dexpertise\/cnr-vibrio-cholerae-salmonelles-shigelles\/#breadcrumb"},"inLanguage":"en-US","potentialAction":[{"@type":"ReadAction","target":["https:\/\/www.pasteur.mg\/activites-de-reference-et-dexpertise\/cnr-vibrio-cholerae-salmonelles-shigelles\/"]}]},{"@type":"BreadcrumbList","@id":"https:\/\/www.pasteur.mg\/activites-de-reference-et-dexpertise\/cnr-vibrio-cholerae-salmonelles-shigelles\/#breadcrumb","itemListElement":[{"@type":"ListItem","position":1,"name":"Accueil","item":"https:\/\/www.pasteur.mg\/"},{"@type":"ListItem","position":2,"name":"Activit\u00e9s de r\u00e9f\u00e9rence et d&rsquo;expertise","item":"https:\/\/www.pasteur.mg\/activites-de-reference-et-dexpertise\/"},{"@type":"ListItem","position":3,"name":"Centre National de R\u00e9f\u00e9rence pour Vibrio cholerae, Salmonelles et Shigelles"}]},{"@type":"WebSite","@id":"https:\/\/www.pasteur.mg\/#website","url":"https:\/\/www.pasteur.mg\/","name":"Institut Pasteur de Madagascar","description":"Etablissement scientifique priv\u00e9 malgache, \u00e0 but non lucratif et reconnu d\u2019utilit\u00e9 publique du R\u00e9seau International des Instituts Pasteur, plac\u00e9 sous le Haut patronage du gouvernement de la R\u00e9publique Malgache.","publisher":{"@id":"https:\/\/www.pasteur.mg\/#organization"},"potentialAction":[{"@type":"SearchAction","target":{"@type":"EntryPoint","urlTemplate":"https:\/\/www.pasteur.mg\/?s={search_term_string}"},"query-input":{"@type":"PropertyValueSpecification","valueRequired":true,"valueName":"search_term_string"}}],"inLanguage":"en-US"},{"@type":"Organization","@id":"https:\/\/www.pasteur.mg\/#organization","name":"Institut Pasteur de Madagascar","url":"https:\/\/www.pasteur.mg\/","logo":{"@type":"ImageObject","inLanguage":"en-US","@id":"https:\/\/www.pasteur.mg\/#\/schema\/logo\/image\/","url":"https:\/\/www.pasteur.mg\/wp-content\/uploads\/2025\/03\/Logo-IPM-1.png","contentUrl":"https:\/\/www.pasteur.mg\/wp-content\/uploads\/2025\/03\/Logo-IPM-1.png","width":5865,"height":3422,"caption":"Institut Pasteur de Madagascar"},"image":{"@id":"https:\/\/www.pasteur.mg\/#\/schema\/logo\/image\/"},"sameAs":["https:\/\/www.facebook.com\/pasteurMG","https:\/\/x.com\/pasteurMG","https:\/\/www.linkedin.com\/company\/institut-pasteur-de-madagascar"]}]}},"jetpack_sharing_enabled":true,"publishpress_future_action":{"enabled":false,"date":"2026-05-01 07:33:59","action":"change-status","newStatus":"draft","terms":[],"taxonomy":"","extraData":[]},"publishpress_future_workflow_manual_trigger":{"enabledWorkflows":[]},"amp_enabled":true,"_links":{"self":[{"href":"https:\/\/www.pasteur.mg\/en\/wp-json\/wp\/v2\/pages\/20531","targetHints":{"allow":["GET"]}}],"collection":[{"href":"https:\/\/www.pasteur.mg\/en\/wp-json\/wp\/v2\/pages"}],"about":[{"href":"https:\/\/www.pasteur.mg\/en\/wp-json\/wp\/v2\/types\/page"}],"author":[{"embeddable":true,"href":"https:\/\/www.pasteur.mg\/en\/wp-json\/wp\/v2\/users\/19"}],"replies":[{"embeddable":true,"href":"https:\/\/www.pasteur.mg\/en\/wp-json\/wp\/v2\/comments?post=20531"}],"version-history":[{"count":5,"href":"https:\/\/www.pasteur.mg\/en\/wp-json\/wp\/v2\/pages\/20531\/revisions"}],"predecessor-version":[{"id":20618,"href":"https:\/\/www.pasteur.mg\/en\/wp-json\/wp\/v2\/pages\/20531\/revisions\/20618"}],"up":[{"embeddable":true,"href":"https:\/\/www.pasteur.mg\/en\/wp-json\/wp\/v2\/pages\/19960"}],"wp:attachment":[{"href":"https:\/\/www.pasteur.mg\/en\/wp-json\/wp\/v2\/media?parent=20531"}],"curies":[{"name":"wp","href":"https:\/\/api.w.org\/{rel}","templated":true}]}}