{"id":3026,"date":"2017-12-19T13:54:50","date_gmt":"2017-12-19T10:54:50","guid":{"rendered":"https:\/\/www.pasteur.mg\/?page_id=3026"},"modified":"2022-07-27T17:10:16","modified_gmt":"2022-07-27T14:10:16","slug":"departement","status":"publish","type":"page","link":"https:\/\/www.pasteur.mg\/en\/departement\/","title":{"rendered":"A propos de l&rsquo;Institut Pasteur de Madagascar"},"content":{"rendered":"<p>L\u2019Institut Pasteur de Madagascar (IPM) est un \u00e9tablissement scientifique priv\u00e9 malgache \u00e0 but non lucratif et reconnu d\u2019utilit\u00e9 publique.<\/p>\n<p>Il est plac\u00e9 sous le Haut patronage du Gouvernement de la R\u00e9publique Malgache et r\u00e9gi par la convention de 1961 qui lie l\u2019Institut Pasteur \u00e0 Paris et le Minist\u00e8re de la Sant\u00e9 Publique de Madagascar.<\/p>\n<p>L\u2019IPM est membre du R\u00e9seau International des Instituts Pasteur (le RIIP) qui regroupe <strong>33 instituts pr\u00e9sents sur les cinq continents<\/strong>. Il partage les <strong>valeurs pasteuriennes <\/strong>et la <strong>charte \u00e9thique <\/strong>auxquelles sont li\u00e9s les instituts Pasteur.<\/p>\n<p>L\u2019IPM a pour mission de contribuer \u00e0 la pr\u00e9vention et au traitement des maladies et au d\u00e9veloppement \u00e9conomique par des activit\u00e9s de <strong>recherche<\/strong>, de <strong>formation <\/strong>et de <strong>sant\u00e9 publique<\/strong>.<\/p>\n<p>L\u2019IPM dispose de fonds propres gr\u00e2ce \u00e0 son activit\u00e9 de diagnostic et de vaccination. Il re\u00e7oit \u00e9galement des subventions provenant d\u2019organisations priv\u00e9es et publiques. L\u2019IPM remercie tous ceux qui le soutiennent dans sa mission et ceux qui lui ont fait confiance, tels que : Minist\u00e8res fran\u00e7ais de la recherche et des affaires \u00e9trang\u00e8res (dont le dispositif 5% Fonds Mondial), USAID, President Malaria Initiative, CDC, DHHS (Minist\u00e8re de la sant\u00e9 des USA), Minist\u00e8re de la Sant\u00e9 Publique de Madagascar, Global Fund &#8211; Fonds Mondial, Union Europ\u00e9enne, Principaut\u00e9 de Monaco, Fondation Total, Sanofi-Aventis, Association Orange solidarit\u00e9, Fondation Telma, R\u00e9gion R\u00e9union, industrie pharmaceutique et autres op\u00e9rateurs \u00e9conomiques.<\/p>\n<p>Pour p\u00e9renniser ses activit\u00e9s, l\u2019IPM est <strong>ouvert aux partenariats techniques et\/ou financiers <\/strong>\u00e9manant d\u2019organisations priv\u00e9es et publiques partageant sa vision et d\u00e9sireuses d\u2019avoir un impact dans le domaine de la recherche, de la formation et de la sant\u00e9 publique.<\/p>\n<p>En tant qu\u2019organisation priv\u00e9e \u00e0 <strong>but non lucratif<\/strong>, l\u2019IPM est <strong>habilit\u00e9 \u00e0 recevoir des dons et des legs.<\/strong><\/p>\n\n\n<figure class=\"wp-block-image aligncenter size-full\"><a href=\"https:\/\/i0.wp.com\/www.pasteur.mg\/wp-content\/uploads\/2022\/07\/organigramme-1.jpg?ssl=1\"><img data-recalc-dims=\"1\" loading=\"lazy\" decoding=\"async\" width=\"660\" height=\"904\" data-attachment-id=\"12227\" data-permalink=\"https:\/\/www.pasteur.mg\/en\/departement\/organigramme-1\/\" data-orig-file=\"https:\/\/i0.wp.com\/www.pasteur.mg\/wp-content\/uploads\/2022\/07\/organigramme-1.jpg?fit=660%2C904&amp;ssl=1\" data-orig-size=\"660,904\" data-comments-opened=\"0\" data-image-meta=\"{&quot;aperture&quot;:&quot;0&quot;,&quot;credit&quot;:&quot;Mamy Tiana Iriantsoa ANDRIAMANANDRAIBE&quot;,&quot;camera&quot;:&quot;&quot;,&quot;caption&quot;:&quot;&quot;,&quot;created_timestamp&quot;:&quot;1658941706&quot;,&quot;copyright&quot;:&quot;&quot;,&quot;focal_length&quot;:&quot;0&quot;,&quot;iso&quot;:&quot;0&quot;,&quot;shutter_speed&quot;:&quot;0&quot;,&quot;title&quot;:&quot;&quot;,&quot;orientation&quot;:&quot;0&quot;}\" data-image-title=\"organigramme-1\" data-image-description=\"\" data-image-caption=\"\" data-large-file=\"https:\/\/i0.wp.com\/www.pasteur.mg\/wp-content\/uploads\/2022\/07\/organigramme-1.jpg?fit=660%2C904&amp;ssl=1\" src=\"https:\/\/i0.wp.com\/www.pasteur.mg\/wp-content\/uploads\/2022\/07\/organigramme-1.jpg?resize=660%2C904&#038;ssl=1\" alt=\"\" class=\"wp-image-12227\" srcset=\"https:\/\/i0.wp.com\/www.pasteur.mg\/wp-content\/uploads\/2022\/07\/organigramme-1.jpg?w=660&amp;ssl=1 660w, https:\/\/i0.wp.com\/www.pasteur.mg\/wp-content\/uploads\/2022\/07\/organigramme-1.jpg?resize=219%2C300&amp;ssl=1 219w\" sizes=\"(max-width: 660px) 100vw, 660px\" \/><\/a><\/figure>","protected":false},"excerpt":{"rendered":"<p>L\u2019Institut Pasteur de Madagascar (IPM) est un \u00e9tablissement scientifique priv\u00e9 malgache \u00e0 but non lucratif et reconnu d\u2019utilit\u00e9 publique. Il est plac\u00e9 sous le Haut patronage du Gouvernement de la R\u00e9publique Malgache et r\u00e9gi par la convention de 1961 qui lie l\u2019Institut Pasteur \u00e0 Paris et le Minist\u00e8re de la Sant\u00e9 Publique de Madagascar. L\u2019IPM [&hellip;]<\/p>","protected":false},"author":11,"featured_media":12227,"parent":0,"menu_order":0,"comment_status":"closed","ping_status":"closed","template":"","meta":{"_acf_changed":false,"_et_pb_use_builder":"","_et_pb_old_content":"","_et_gb_content_width":"","jetpack_post_was_ever_published":false,"footnotes":""},"class_list":["post-3026","page","type-page","status-publish","has-post-thumbnail","hentry"],"acf":[],"yoast_head":"<!-- This site is optimized with the Yoast SEO plugin v27.4 - https:\/\/yoast.com\/product\/yoast-seo-wordpress\/ -->\n<title>A propos de l&#039;Institut Pasteur de Madagascar - Institut Pasteur de Madagascar<\/title>\n<meta name=\"description\" content=\"L\u2019Institut Pasteur de Madagascar (IPM) est un \u00e9tablissement scientifique priv\u00e9 malgache \u00e0 but non lucratif et reconnu d\u2019utilit\u00e9 publique. Il est plac\u00e9\" \/>\n<meta name=\"robots\" content=\"index, follow, max-snippet:-1, max-image-preview:large, max-video-preview:-1\" \/>\n<link rel=\"canonical\" href=\"https:\/\/www.pasteur.mg\/en\/departement\/\" \/>\n<meta property=\"og:locale\" content=\"en_US\" \/>\n<meta property=\"og:type\" content=\"article\" \/>\n<meta property=\"og:title\" content=\"A propos de l&#039;Institut Pasteur de Madagascar - Institut Pasteur de Madagascar\" \/>\n<meta property=\"og:description\" content=\"L\u2019Institut Pasteur de Madagascar (IPM) est un \u00e9tablissement scientifique priv\u00e9 malgache \u00e0 but non lucratif et reconnu d\u2019utilit\u00e9 publique. Il est plac\u00e9\" \/>\n<meta property=\"og:url\" content=\"https:\/\/www.pasteur.mg\/en\/departement\/\" \/>\n<meta property=\"og:site_name\" content=\"Institut Pasteur de Madagascar\" \/>\n<meta property=\"article:publisher\" content=\"https:\/\/www.facebook.com\/pasteurMG\" \/>\n<meta property=\"article:modified_time\" content=\"2022-07-27T14:10:16+00:00\" \/>\n<meta property=\"og:image\" content=\"https:\/\/www.pasteur.mg\/wp-content\/uploads\/2022\/07\/organigramme-1.jpg\" \/>\n\t<meta property=\"og:image:width\" content=\"660\" \/>\n\t<meta property=\"og:image:height\" content=\"904\" \/>\n\t<meta property=\"og:image:type\" content=\"image\/jpeg\" \/>\n<meta name=\"twitter:card\" content=\"summary_large_image\" \/>\n<meta name=\"twitter:site\" content=\"@pasteurMG\" \/>\n<meta name=\"twitter:label1\" content=\"Est. reading time\" \/>\n\t<meta name=\"twitter:data1\" content=\"2 minutes\" \/>\n<script type=\"application\/ld+json\" class=\"yoast-schema-graph\">{\"@context\":\"https:\\\/\\\/schema.org\",\"@graph\":[{\"@type\":\"WebPage\",\"@id\":\"https:\\\/\\\/www.pasteur.mg\\\/departement\\\/\",\"url\":\"https:\\\/\\\/www.pasteur.mg\\\/departement\\\/\",\"name\":\"A propos de l'Institut Pasteur de Madagascar - Institut Pasteur de Madagascar\",\"isPartOf\":{\"@id\":\"https:\\\/\\\/www.pasteur.mg\\\/#website\"},\"primaryImageOfPage\":{\"@id\":\"https:\\\/\\\/www.pasteur.mg\\\/departement\\\/#primaryimage\"},\"image\":{\"@id\":\"https:\\\/\\\/www.pasteur.mg\\\/departement\\\/#primaryimage\"},\"thumbnailUrl\":\"https:\\\/\\\/i0.wp.com\\\/www.pasteur.mg\\\/wp-content\\\/uploads\\\/2022\\\/07\\\/organigramme-1.jpg?fit=660%2C904&ssl=1\",\"datePublished\":\"2017-12-19T10:54:50+00:00\",\"dateModified\":\"2022-07-27T14:10:16+00:00\",\"description\":\"L\u2019Institut Pasteur de Madagascar (IPM) est un \u00e9tablissement scientifique priv\u00e9 malgache \u00e0 but non lucratif et reconnu d\u2019utilit\u00e9 publique. Il est plac\u00e9\",\"breadcrumb\":{\"@id\":\"https:\\\/\\\/www.pasteur.mg\\\/departement\\\/#breadcrumb\"},\"inLanguage\":\"en-US\",\"potentialAction\":[{\"@type\":\"ReadAction\",\"target\":[\"https:\\\/\\\/www.pasteur.mg\\\/departement\\\/\"]}]},{\"@type\":\"ImageObject\",\"inLanguage\":\"en-US\",\"@id\":\"https:\\\/\\\/www.pasteur.mg\\\/departement\\\/#primaryimage\",\"url\":\"https:\\\/\\\/i0.wp.com\\\/www.pasteur.mg\\\/wp-content\\\/uploads\\\/2022\\\/07\\\/organigramme-1.jpg?fit=660%2C904&ssl=1\",\"contentUrl\":\"https:\\\/\\\/i0.wp.com\\\/www.pasteur.mg\\\/wp-content\\\/uploads\\\/2022\\\/07\\\/organigramme-1.jpg?fit=660%2C904&ssl=1\",\"width\":660,\"height\":904},{\"@type\":\"BreadcrumbList\",\"@id\":\"https:\\\/\\\/www.pasteur.mg\\\/departement\\\/#breadcrumb\",\"itemListElement\":[{\"@type\":\"ListItem\",\"position\":1,\"name\":\"Accueil\",\"item\":\"https:\\\/\\\/www.pasteur.mg\\\/\"},{\"@type\":\"ListItem\",\"position\":2,\"name\":\"A propos de l&rsquo;Institut Pasteur de Madagascar\"}]},{\"@type\":\"WebSite\",\"@id\":\"https:\\\/\\\/www.pasteur.mg\\\/#website\",\"url\":\"https:\\\/\\\/www.pasteur.mg\\\/\",\"name\":\"Institut Pasteur de Madagascar\",\"description\":\"Etablissement scientifique priv\u00e9 malgache, \u00e0 but non lucratif et reconnu d\u2019utilit\u00e9 publique du R\u00e9seau International des Instituts Pasteur, plac\u00e9 sous le Haut patronage du gouvernement de la R\u00e9publique Malgache.\",\"publisher\":{\"@id\":\"https:\\\/\\\/www.pasteur.mg\\\/#organization\"},\"potentialAction\":[{\"@type\":\"SearchAction\",\"target\":{\"@type\":\"EntryPoint\",\"urlTemplate\":\"https:\\\/\\\/www.pasteur.mg\\\/?s={search_term_string}\"},\"query-input\":{\"@type\":\"PropertyValueSpecification\",\"valueRequired\":true,\"valueName\":\"search_term_string\"}}],\"inLanguage\":\"en-US\"},{\"@type\":\"Organization\",\"@id\":\"https:\\\/\\\/www.pasteur.mg\\\/#organization\",\"name\":\"Institut Pasteur de Madagascar\",\"url\":\"https:\\\/\\\/www.pasteur.mg\\\/\",\"logo\":{\"@type\":\"ImageObject\",\"inLanguage\":\"en-US\",\"@id\":\"https:\\\/\\\/www.pasteur.mg\\\/#\\\/schema\\\/logo\\\/image\\\/\",\"url\":\"https:\\\/\\\/www.pasteur.mg\\\/wp-content\\\/uploads\\\/2025\\\/03\\\/Logo-IPM-1.png\",\"contentUrl\":\"https:\\\/\\\/www.pasteur.mg\\\/wp-content\\\/uploads\\\/2025\\\/03\\\/Logo-IPM-1.png\",\"width\":5865,\"height\":3422,\"caption\":\"Institut Pasteur de Madagascar\"},\"image\":{\"@id\":\"https:\\\/\\\/www.pasteur.mg\\\/#\\\/schema\\\/logo\\\/image\\\/\"},\"sameAs\":[\"https:\\\/\\\/www.facebook.com\\\/pasteurMG\",\"https:\\\/\\\/x.com\\\/pasteurMG\",\"https:\\\/\\\/www.linkedin.com\\\/company\\\/institut-pasteur-de-madagascar\"]}]}<\/script>\n<!-- \/ Yoast SEO plugin. -->","yoast_head_json":{"title":"A propos de l'Institut Pasteur de Madagascar - Institut Pasteur de Madagascar","description":"L\u2019Institut Pasteur de Madagascar (IPM) est un \u00e9tablissement scientifique priv\u00e9 malgache \u00e0 but non lucratif et reconnu d\u2019utilit\u00e9 publique. Il est plac\u00e9","robots":{"index":"index","follow":"follow","max-snippet":"max-snippet:-1","max-image-preview":"max-image-preview:large","max-video-preview":"max-video-preview:-1"},"canonical":"https:\/\/www.pasteur.mg\/en\/departement\/","og_locale":"en_US","og_type":"article","og_title":"A propos de l'Institut Pasteur de Madagascar - Institut Pasteur de Madagascar","og_description":"L\u2019Institut Pasteur de Madagascar (IPM) est un \u00e9tablissement scientifique priv\u00e9 malgache \u00e0 but non lucratif et reconnu d\u2019utilit\u00e9 publique. Il est plac\u00e9","og_url":"https:\/\/www.pasteur.mg\/en\/departement\/","og_site_name":"Institut Pasteur de Madagascar","article_publisher":"https:\/\/www.facebook.com\/pasteurMG","article_modified_time":"2022-07-27T14:10:16+00:00","og_image":[{"width":660,"height":904,"url":"https:\/\/www.pasteur.mg\/wp-content\/uploads\/2022\/07\/organigramme-1.jpg","type":"image\/jpeg"}],"twitter_card":"summary_large_image","twitter_site":"@pasteurMG","twitter_misc":{"Est. reading time":"2 minutes"},"schema":{"@context":"https:\/\/schema.org","@graph":[{"@type":"WebPage","@id":"https:\/\/www.pasteur.mg\/departement\/","url":"https:\/\/www.pasteur.mg\/departement\/","name":"A propos de l'Institut Pasteur de Madagascar - Institut Pasteur de Madagascar","isPartOf":{"@id":"https:\/\/www.pasteur.mg\/#website"},"primaryImageOfPage":{"@id":"https:\/\/www.pasteur.mg\/departement\/#primaryimage"},"image":{"@id":"https:\/\/www.pasteur.mg\/departement\/#primaryimage"},"thumbnailUrl":"https:\/\/i0.wp.com\/www.pasteur.mg\/wp-content\/uploads\/2022\/07\/organigramme-1.jpg?fit=660%2C904&ssl=1","datePublished":"2017-12-19T10:54:50+00:00","dateModified":"2022-07-27T14:10:16+00:00","description":"L\u2019Institut Pasteur de Madagascar (IPM) est un \u00e9tablissement scientifique priv\u00e9 malgache \u00e0 but non lucratif et reconnu d\u2019utilit\u00e9 publique. Il est plac\u00e9","breadcrumb":{"@id":"https:\/\/www.pasteur.mg\/departement\/#breadcrumb"},"inLanguage":"en-US","potentialAction":[{"@type":"ReadAction","target":["https:\/\/www.pasteur.mg\/departement\/"]}]},{"@type":"ImageObject","inLanguage":"en-US","@id":"https:\/\/www.pasteur.mg\/departement\/#primaryimage","url":"https:\/\/i0.wp.com\/www.pasteur.mg\/wp-content\/uploads\/2022\/07\/organigramme-1.jpg?fit=660%2C904&ssl=1","contentUrl":"https:\/\/i0.wp.com\/www.pasteur.mg\/wp-content\/uploads\/2022\/07\/organigramme-1.jpg?fit=660%2C904&ssl=1","width":660,"height":904},{"@type":"BreadcrumbList","@id":"https:\/\/www.pasteur.mg\/departement\/#breadcrumb","itemListElement":[{"@type":"ListItem","position":1,"name":"Accueil","item":"https:\/\/www.pasteur.mg\/"},{"@type":"ListItem","position":2,"name":"A propos de l&rsquo;Institut Pasteur de Madagascar"}]},{"@type":"WebSite","@id":"https:\/\/www.pasteur.mg\/#website","url":"https:\/\/www.pasteur.mg\/","name":"Institut Pasteur de Madagascar","description":"Etablissement scientifique priv\u00e9 malgache, \u00e0 but non lucratif et reconnu d\u2019utilit\u00e9 publique du R\u00e9seau International des Instituts Pasteur, plac\u00e9 sous le Haut patronage du gouvernement de la R\u00e9publique Malgache.","publisher":{"@id":"https:\/\/www.pasteur.mg\/#organization"},"potentialAction":[{"@type":"SearchAction","target":{"@type":"EntryPoint","urlTemplate":"https:\/\/www.pasteur.mg\/?s={search_term_string}"},"query-input":{"@type":"PropertyValueSpecification","valueRequired":true,"valueName":"search_term_string"}}],"inLanguage":"en-US"},{"@type":"Organization","@id":"https:\/\/www.pasteur.mg\/#organization","name":"Institut Pasteur de Madagascar","url":"https:\/\/www.pasteur.mg\/","logo":{"@type":"ImageObject","inLanguage":"en-US","@id":"https:\/\/www.pasteur.mg\/#\/schema\/logo\/image\/","url":"https:\/\/www.pasteur.mg\/wp-content\/uploads\/2025\/03\/Logo-IPM-1.png","contentUrl":"https:\/\/www.pasteur.mg\/wp-content\/uploads\/2025\/03\/Logo-IPM-1.png","width":5865,"height":3422,"caption":"Institut Pasteur de Madagascar"},"image":{"@id":"https:\/\/www.pasteur.mg\/#\/schema\/logo\/image\/"},"sameAs":["https:\/\/www.facebook.com\/pasteurMG","https:\/\/x.com\/pasteurMG","https:\/\/www.linkedin.com\/company\/institut-pasteur-de-madagascar"]}]}},"jetpack_sharing_enabled":true,"publishpress_future_action":{"enabled":false,"date":"2026-04-24 04:20:46","action":"change-status","newStatus":"draft","terms":[],"taxonomy":"","extraData":[]},"publishpress_future_workflow_manual_trigger":{"enabledWorkflows":[]},"amp_enabled":true,"_links":{"self":[{"href":"https:\/\/www.pasteur.mg\/en\/wp-json\/wp\/v2\/pages\/3026","targetHints":{"allow":["GET"]}}],"collection":[{"href":"https:\/\/www.pasteur.mg\/en\/wp-json\/wp\/v2\/pages"}],"about":[{"href":"https:\/\/www.pasteur.mg\/en\/wp-json\/wp\/v2\/types\/page"}],"author":[{"embeddable":true,"href":"https:\/\/www.pasteur.mg\/en\/wp-json\/wp\/v2\/users\/11"}],"replies":[{"embeddable":true,"href":"https:\/\/www.pasteur.mg\/en\/wp-json\/wp\/v2\/comments?post=3026"}],"version-history":[{"count":10,"href":"https:\/\/www.pasteur.mg\/en\/wp-json\/wp\/v2\/pages\/3026\/revisions"}],"predecessor-version":[{"id":12229,"href":"https:\/\/www.pasteur.mg\/en\/wp-json\/wp\/v2\/pages\/3026\/revisions\/12229"}],"wp:featuredmedia":[{"embeddable":true,"href":"https:\/\/www.pasteur.mg\/en\/wp-json\/wp\/v2\/media\/12227"}],"wp:attachment":[{"href":"https:\/\/www.pasteur.mg\/en\/wp-json\/wp\/v2\/media?parent=3026"}],"curies":[{"name":"wp","href":"https:\/\/api.w.org\/{rel}","templated":true}]}}